{"id":67691,"date":"2024-03-22T15:57:32","date_gmt":"2024-03-22T14:57:32","guid":{"rendered":"https:\/\/abinox-chr-clim.com\/index.php\/product\/moules-a-dariole-en-aluminium-vogue-85ml-lot-de-6\/"},"modified":"2026-02-18T09:03:32","modified_gmt":"2026-02-18T08:03:32","slug":"moules-a-dariole-en-aluminium-vogue-85ml-lot-de-6","status":"publish","type":"product","link":"https:\/\/abinox-chr-clim.com\/index.php\/product\/moules-a-dariole-en-aluminium-vogue-85ml-lot-de-6\/","title":{"rendered":"Moules \u00e0 dariole en aluminium Vogue 85ml (lot de 6)"},"content":{"rendered":"<p>Aluminium. Lot de 6.<br \/>Aide \u00e0 maintenir la taille des portions. Construction solide en aluminium &#8211; ne convient pas au lave-vaisselle. Parfait pour fa\u00e7onner et dresser les aliments. Tr\u00e8s r\u00e9sistant &#8211; sp\u00e9cialement con\u00e7u pour un usage commercial. Convient pour le moulage \u00e0 chaud et \u00e0 froid. Lot de 6.  Aide \u00e0 maintenir la taille des portions.<\/p>\n<p>Caract\u00e9ristiques :<br \/>Lot : 6.<br \/> Capacit\u00e9 : 8,5 cl.<br \/> Dimensions : 35(H) x 60(\u00d8) mm.<br \/> Mati\u00e8re : Aluminium<\/p>\n","protected":false},"excerpt":{"rendered":"<p>Moules \u00e0 dariole en aluminium Vogue 85ml (lot de 6)<\/p>\n","protected":false},"featured_media":104511,"comment_status":"closed","ping_status":"closed","template":"","meta":[],"product_brand":[],"product_cat":[1064,1091,1297,1087],"product_tag":[],"class_list":{"0":"post-67691","1":"product","2":"type-product","3":"status-publish","4":"has-post-thumbnail","6":"product_cat-cuisine","7":"product_cat-moules-a-gateaux","8":"product_cat-non-palettisable","9":"product_cat-patisserie","10":"product_shipping_class-free-shipping","12":"first","13":"outofstock","14":"featured","15":"taxable","16":"shipping-taxable","17":"purchasable","18":"product-type-simple"},"_links":{"self":[{"href":"https:\/\/abinox-chr-clim.com\/index.php\/wp-json\/wp\/v2\/product\/67691","targetHints":{"allow":["GET"]}}],"collection":[{"href":"https:\/\/abinox-chr-clim.com\/index.php\/wp-json\/wp\/v2\/product"}],"about":[{"href":"https:\/\/abinox-chr-clim.com\/index.php\/wp-json\/wp\/v2\/types\/product"}],"replies":[{"embeddable":true,"href":"https:\/\/abinox-chr-clim.com\/index.php\/wp-json\/wp\/v2\/comments?post=67691"}],"wp:featuredmedia":[{"embeddable":true,"href":"https:\/\/abinox-chr-clim.com\/index.php\/wp-json\/wp\/v2\/media\/104511"}],"wp:attachment":[{"href":"https:\/\/abinox-chr-clim.com\/index.php\/wp-json\/wp\/v2\/media?parent=67691"}],"wp:term":[{"taxonomy":"product_brand","embeddable":true,"href":"https:\/\/abinox-chr-clim.com\/index.php\/wp-json\/wp\/v2\/product_brand?post=67691"},{"taxonomy":"product_cat","embeddable":true,"href":"https:\/\/abinox-chr-clim.com\/index.php\/wp-json\/wp\/v2\/product_cat?post=67691"},{"taxonomy":"product_tag","embeddable":true,"href":"https:\/\/abinox-chr-clim.com\/index.php\/wp-json\/wp\/v2\/product_tag?post=67691"}],"curies":[{"name":"wp","href":"https:\/\/api.w.org\/{rel}","templated":true}]}}