{"id":67690,"date":"2024-03-22T15:57:31","date_gmt":"2024-03-22T14:57:31","guid":{"rendered":"https:\/\/abinox-chr-clim.com\/index.php\/product\/grille-de-refroidissement-grand-format-vogue-635-x-406mm\/"},"modified":"2026-04-02T08:56:00","modified_gmt":"2026-04-02T06:56:00","slug":"grille-de-refroidissement-grand-format-vogue-635-x-406mm","status":"publish","type":"product","link":"https:\/\/abinox-chr-clim.com\/index.php\/product\/grille-de-refroidissement-grand-format-vogue-635-x-406mm\/","title":{"rendered":"Grille de refroidissement grand format Vogue 635 x 406mm"},"content":{"rendered":"<p>Les mailles permettent \u00e0 l&rsquo;air de circuler. Durable pour un usage commercial. Lavable au lave-vaisselle pour un nettoyage facile. Refroidit rapidement pour r\u00e9duire les temps de pr\u00e9paration. Les mailles permettent \u00e0 l&rsquo;air de circuler.<\/p>\n<p>Caract\u00e9ristiques :<br \/> Dimensions : 635(L)x 406(l)mm.<br \/> Mati\u00e8re : Inox<\/p>\n","protected":false},"excerpt":{"rendered":"<p>Grille de refroidissement grand format Vogue 635 x 406mm<\/p>\n","protected":false},"featured_media":104371,"comment_status":"closed","ping_status":"closed","template":"","meta":[],"product_brand":[],"product_cat":[1064,1091,1297,1087],"product_tag":[],"class_list":{"0":"post-67690","1":"product","2":"type-product","3":"status-publish","4":"has-post-thumbnail","6":"product_cat-cuisine","7":"product_cat-moules-a-gateaux","8":"product_cat-non-palettisable","9":"product_cat-patisserie","10":"product_shipping_class-free-shipping","12":"first","13":"outofstock","14":"featured","15":"taxable","16":"shipping-taxable","17":"purchasable","18":"product-type-simple"},"_links":{"self":[{"href":"https:\/\/abinox-chr-clim.com\/index.php\/wp-json\/wp\/v2\/product\/67690","targetHints":{"allow":["GET"]}}],"collection":[{"href":"https:\/\/abinox-chr-clim.com\/index.php\/wp-json\/wp\/v2\/product"}],"about":[{"href":"https:\/\/abinox-chr-clim.com\/index.php\/wp-json\/wp\/v2\/types\/product"}],"replies":[{"embeddable":true,"href":"https:\/\/abinox-chr-clim.com\/index.php\/wp-json\/wp\/v2\/comments?post=67690"}],"wp:featuredmedia":[{"embeddable":true,"href":"https:\/\/abinox-chr-clim.com\/index.php\/wp-json\/wp\/v2\/media\/104371"}],"wp:attachment":[{"href":"https:\/\/abinox-chr-clim.com\/index.php\/wp-json\/wp\/v2\/media?parent=67690"}],"wp:term":[{"taxonomy":"product_brand","embeddable":true,"href":"https:\/\/abinox-chr-clim.com\/index.php\/wp-json\/wp\/v2\/product_brand?post=67690"},{"taxonomy":"product_cat","embeddable":true,"href":"https:\/\/abinox-chr-clim.com\/index.php\/wp-json\/wp\/v2\/product_cat?post=67690"},{"taxonomy":"product_tag","embeddable":true,"href":"https:\/\/abinox-chr-clim.com\/index.php\/wp-json\/wp\/v2\/product_tag?post=67690"}],"curies":[{"name":"wp","href":"https:\/\/api.w.org\/{rel}","templated":true}]}}