{"id":67689,"date":"2024-03-22T15:57:31","date_gmt":"2024-03-22T14:57:31","guid":{"rendered":"https:\/\/abinox-chr-clim.com\/index.php\/product\/grille-de-refroidissement-vogue-432-x-254mm\/"},"modified":"2026-04-02T08:55:59","modified_gmt":"2026-04-02T06:55:59","slug":"grille-de-refroidissement-vogue-432-x-254mm","status":"publish","type":"product","link":"https:\/\/abinox-chr-clim.com\/index.php\/product\/grille-de-refroidissement-vogue-432-x-254mm\/","title":{"rendered":"Grille de refroidissement Vogue 432 x 254mm"},"content":{"rendered":"<p>La conception de treillis m\u00e9tallique permet \u00e0 l&rsquo;air de circuler.<br \/>Conception robuste en treillis m\u00e9tallique. La conception sur\u00e9lev\u00e9e permet \u00e0 l&rsquo;air de circuler pour acc\u00e9l\u00e9rer le processus de refroidissement. Conception facile \u00e0 nettoyer pour gagner du temps &#8211; convient aux lave-vaisselle et aux lave-ustensiles. Taille g\u00e9n\u00e9reuse &#8211; plus de pi\u00e8ces par grille. Conception robuste en treillis m\u00e9tallique.<\/p>\n<p>Caract\u00e9ristiques :<br \/> Dimensions : 254(L) x 432(L) mm.<br \/> Mati\u00e8re : M\u00e9tal.<br \/> Couleur : Argent.<\/p>\n","protected":false},"excerpt":{"rendered":"<p>Grille de refroidissement Vogue 432 x 254mm<\/p>\n","protected":false},"featured_media":104370,"comment_status":"closed","ping_status":"closed","template":"","meta":[],"product_brand":[],"product_cat":[1064,1091,1297,1087],"product_tag":[],"class_list":{"0":"post-67689","1":"product","2":"type-product","3":"status-publish","4":"has-post-thumbnail","6":"product_cat-cuisine","7":"product_cat-moules-a-gateaux","8":"product_cat-non-palettisable","9":"product_cat-patisserie","10":"product_shipping_class-free-shipping","12":"first","13":"instock","14":"featured","15":"taxable","16":"shipping-taxable","17":"purchasable","18":"product-type-simple"},"_links":{"self":[{"href":"https:\/\/abinox-chr-clim.com\/index.php\/wp-json\/wp\/v2\/product\/67689","targetHints":{"allow":["GET"]}}],"collection":[{"href":"https:\/\/abinox-chr-clim.com\/index.php\/wp-json\/wp\/v2\/product"}],"about":[{"href":"https:\/\/abinox-chr-clim.com\/index.php\/wp-json\/wp\/v2\/types\/product"}],"replies":[{"embeddable":true,"href":"https:\/\/abinox-chr-clim.com\/index.php\/wp-json\/wp\/v2\/comments?post=67689"}],"wp:featuredmedia":[{"embeddable":true,"href":"https:\/\/abinox-chr-clim.com\/index.php\/wp-json\/wp\/v2\/media\/104370"}],"wp:attachment":[{"href":"https:\/\/abinox-chr-clim.com\/index.php\/wp-json\/wp\/v2\/media?parent=67689"}],"wp:term":[{"taxonomy":"product_brand","embeddable":true,"href":"https:\/\/abinox-chr-clim.com\/index.php\/wp-json\/wp\/v2\/product_brand?post=67689"},{"taxonomy":"product_cat","embeddable":true,"href":"https:\/\/abinox-chr-clim.com\/index.php\/wp-json\/wp\/v2\/product_cat?post=67689"},{"taxonomy":"product_tag","embeddable":true,"href":"https:\/\/abinox-chr-clim.com\/index.php\/wp-json\/wp\/v2\/product_tag?post=67689"}],"curies":[{"name":"wp","href":"https:\/\/api.w.org\/{rel}","templated":true}]}}