{"id":67684,"date":"2024-03-22T15:57:29","date_gmt":"2024-03-22T14:57:29","guid":{"rendered":"https:\/\/abinox-chr-clim.com\/index.php\/product\/moule-antiadhesif-a-charniere-vogue-210mm\/"},"modified":"2026-04-02T08:46:52","modified_gmt":"2026-04-02T06:46:52","slug":"moule-antiadhesif-a-charniere-vogue-210mm","status":"publish","type":"product","link":"https:\/\/abinox-chr-clim.com\/index.php\/product\/moule-antiadhesif-a-charniere-vogue-210mm\/","title":{"rendered":"Moule antiadh\u00e9sif \u00e0 charni\u00e8re Vogue 210mm"},"content":{"rendered":"<p>Acier carbone, moules \u00e0 fond amovible antiadh\u00e9sifs.<br \/>Moule \u00e0 fond amovible antiadh\u00e9sif de haute qualit\u00e9. Incroyablement durable. Facile \u00e0 nettoyer. Assure une r\u00e9partition uniforme de la chaleur. Le m\u00e9canisme \u00e0 ressort permet une d\u00e9moulage sans effort.  Moule \u00e0 fond amovible antiadh\u00e9sif de haute qualit\u00e9.<\/p>\n<p>Caract\u00e9ristiques :<br \/> Dimensions : 70(H) x 210(\u00d8) mm.<br \/> Mati\u00e8re : Acier carbone.<br \/> Couleur : Noir.<\/p>\n","protected":false},"excerpt":{"rendered":"<p>Moule antiadh\u00e9sif \u00e0 charni\u00e8re Vogue 210mm<\/p>\n","protected":false},"featured_media":101204,"comment_status":"closed","ping_status":"closed","template":"","meta":[],"product_brand":[],"product_cat":[1064,1091,1297,1087],"product_tag":[],"class_list":{"0":"post-67684","1":"product","2":"type-product","3":"status-publish","4":"has-post-thumbnail","6":"product_cat-cuisine","7":"product_cat-moules-a-gateaux","8":"product_cat-non-palettisable","9":"product_cat-patisserie","10":"product_shipping_class-free-shipping","12":"first","13":"instock","14":"featured","15":"taxable","16":"shipping-taxable","17":"purchasable","18":"product-type-simple"},"_links":{"self":[{"href":"https:\/\/abinox-chr-clim.com\/index.php\/wp-json\/wp\/v2\/product\/67684","targetHints":{"allow":["GET"]}}],"collection":[{"href":"https:\/\/abinox-chr-clim.com\/index.php\/wp-json\/wp\/v2\/product"}],"about":[{"href":"https:\/\/abinox-chr-clim.com\/index.php\/wp-json\/wp\/v2\/types\/product"}],"replies":[{"embeddable":true,"href":"https:\/\/abinox-chr-clim.com\/index.php\/wp-json\/wp\/v2\/comments?post=67684"}],"wp:featuredmedia":[{"embeddable":true,"href":"https:\/\/abinox-chr-clim.com\/index.php\/wp-json\/wp\/v2\/media\/101204"}],"wp:attachment":[{"href":"https:\/\/abinox-chr-clim.com\/index.php\/wp-json\/wp\/v2\/media?parent=67684"}],"wp:term":[{"taxonomy":"product_brand","embeddable":true,"href":"https:\/\/abinox-chr-clim.com\/index.php\/wp-json\/wp\/v2\/product_brand?post=67684"},{"taxonomy":"product_cat","embeddable":true,"href":"https:\/\/abinox-chr-clim.com\/index.php\/wp-json\/wp\/v2\/product_cat?post=67684"},{"taxonomy":"product_tag","embeddable":true,"href":"https:\/\/abinox-chr-clim.com\/index.php\/wp-json\/wp\/v2\/product_tag?post=67684"}],"curies":[{"name":"wp","href":"https:\/\/api.w.org\/{rel}","templated":true}]}}