{"id":67678,"date":"2024-03-22T15:57:24","date_gmt":"2024-03-22T14:57:24","guid":{"rendered":"https:\/\/abinox-chr-clim.com\/index.php\/product\/moule-a-pain-antiadhesif-vogue-78-x-250mm\/"},"modified":"2026-04-02T08:46:44","modified_gmt":"2026-04-02T06:46:44","slug":"moule-a-pain-antiadhesif-vogue-78-x-250mm","status":"publish","type":"product","link":"https:\/\/abinox-chr-clim.com\/index.php\/product\/moule-a-pain-antiadhesif-vogue-78-x-250mm\/","title":{"rendered":"Moule \u00e0 pain antiadh\u00e9sif Vogue 78 x 250mm"},"content":{"rendered":"<p>L&rsquo;acier au carbone chauffe rapidement lors de la phase de cuisson. Le rev\u00eatement antiadh\u00e9sif \u00e9vite \u00e9galement le brunissement excessif.<br \/>Rev\u00eatement antiadh\u00e9sif stratifi\u00e9 de haute qualit\u00e9 &#8211; r\u00e9duit les dommages lors de l&rsquo;enl\u00e8vement des cuissons. Dimensions de la base : 220&#215;70 mm. Tr\u00e8s r\u00e9sistant &#8211; con\u00e7u pour un usage professionnel. Distribution uniforme de la chaleur &#8211; moins de points chauds et moins de d\u00e9chets alimentaires. Conception facile \u00e0 nettoyer pour gagner du temps.  Rev\u00eatement antiadh\u00e9sif stratifi\u00e9 de haute qualit\u00e9 &#8211; r\u00e9duit les dommages lors de l&rsquo;enl\u00e8vement des cuissons.<\/p>\n<p>Caract\u00e9ristiques :<br \/> Dimensions : 78(H) x 250(L) x 100(P)mm.<br \/> Mati\u00e8re : Acier carbone.<br \/> Couleur : Noir.<\/p>\n","protected":false},"excerpt":{"rendered":"<p>Moule \u00e0 pain antiadh\u00e9sif Vogue 78 x 250mm<\/p>\n","protected":false},"featured_media":101191,"comment_status":"closed","ping_status":"closed","template":"","meta":[],"product_brand":[],"product_cat":[1064,1091,1297,1087],"product_tag":[],"class_list":{"0":"post-67678","1":"product","2":"type-product","3":"status-publish","4":"has-post-thumbnail","6":"product_cat-cuisine","7":"product_cat-moules-a-gateaux","8":"product_cat-non-palettisable","9":"product_cat-patisserie","10":"product_shipping_class-free-shipping","12":"first","13":"instock","14":"featured","15":"taxable","16":"shipping-taxable","17":"purchasable","18":"product-type-simple"},"_links":{"self":[{"href":"https:\/\/abinox-chr-clim.com\/index.php\/wp-json\/wp\/v2\/product\/67678","targetHints":{"allow":["GET"]}}],"collection":[{"href":"https:\/\/abinox-chr-clim.com\/index.php\/wp-json\/wp\/v2\/product"}],"about":[{"href":"https:\/\/abinox-chr-clim.com\/index.php\/wp-json\/wp\/v2\/types\/product"}],"replies":[{"embeddable":true,"href":"https:\/\/abinox-chr-clim.com\/index.php\/wp-json\/wp\/v2\/comments?post=67678"}],"wp:featuredmedia":[{"embeddable":true,"href":"https:\/\/abinox-chr-clim.com\/index.php\/wp-json\/wp\/v2\/media\/101191"}],"wp:attachment":[{"href":"https:\/\/abinox-chr-clim.com\/index.php\/wp-json\/wp\/v2\/media?parent=67678"}],"wp:term":[{"taxonomy":"product_brand","embeddable":true,"href":"https:\/\/abinox-chr-clim.com\/index.php\/wp-json\/wp\/v2\/product_brand?post=67678"},{"taxonomy":"product_cat","embeddable":true,"href":"https:\/\/abinox-chr-clim.com\/index.php\/wp-json\/wp\/v2\/product_cat?post=67678"},{"taxonomy":"product_tag","embeddable":true,"href":"https:\/\/abinox-chr-clim.com\/index.php\/wp-json\/wp\/v2\/product_tag?post=67678"}],"curies":[{"name":"wp","href":"https:\/\/api.w.org\/{rel}","templated":true}]}}