{"id":67672,"date":"2024-03-22T15:57:21","date_gmt":"2024-03-22T14:57:21","guid":{"rendered":"https:\/\/abinox-chr-clim.com\/index.php\/product\/dariole-antiadhesives-vogue-60-x-65mm-lot-de-3\/"},"modified":"2026-04-02T08:46:40","modified_gmt":"2026-04-02T06:46:40","slug":"dariole-antiadhesives-vogue-60-x-65mm-lot-de-3","status":"publish","type":"product","link":"https:\/\/abinox-chr-clim.com\/index.php\/product\/dariole-antiadhesives-vogue-60-x-65mm-lot-de-3\/","title":{"rendered":"Dariole antiadh\u00e9sives Vogue 60 x 65mm (lot de 3)"},"content":{"rendered":"<p>Couches de rev\u00eatement antiadh\u00e9sif de haute qualit\u00e9. Parfait pour la cuisson et la mise en forme. Id\u00e9al pour le contr\u00f4le des portions. Facile \u00e0 nettoyer. Exceptionnellement robuste.  Couches de rev\u00eatement antiadh\u00e9sif de haute qualit\u00e9.<\/p>\n<p>Caract\u00e9ristiques :<br \/>Lot : 3.<br \/> Dimensions : 60(H) x 65(\u00d8) mm.<br \/> Mati\u00e8re : Acier au carbone<\/p>\n","protected":false},"excerpt":{"rendered":"<p>Dariole antiadh\u00e9sives Vogue 60 x 65mm (lot de 3)<\/p>\n","protected":false},"featured_media":101185,"comment_status":"closed","ping_status":"closed","template":"","meta":[],"product_brand":[],"product_cat":[1064,1091,1297,1087],"product_tag":[],"class_list":{"0":"post-67672","1":"product","2":"type-product","3":"status-publish","4":"has-post-thumbnail","6":"product_cat-cuisine","7":"product_cat-moules-a-gateaux","8":"product_cat-non-palettisable","9":"product_cat-patisserie","10":"product_shipping_class-free-shipping","12":"first","13":"outofstock","14":"featured","15":"taxable","16":"shipping-taxable","17":"purchasable","18":"product-type-simple"},"_links":{"self":[{"href":"https:\/\/abinox-chr-clim.com\/index.php\/wp-json\/wp\/v2\/product\/67672","targetHints":{"allow":["GET"]}}],"collection":[{"href":"https:\/\/abinox-chr-clim.com\/index.php\/wp-json\/wp\/v2\/product"}],"about":[{"href":"https:\/\/abinox-chr-clim.com\/index.php\/wp-json\/wp\/v2\/types\/product"}],"replies":[{"embeddable":true,"href":"https:\/\/abinox-chr-clim.com\/index.php\/wp-json\/wp\/v2\/comments?post=67672"}],"wp:featuredmedia":[{"embeddable":true,"href":"https:\/\/abinox-chr-clim.com\/index.php\/wp-json\/wp\/v2\/media\/101185"}],"wp:attachment":[{"href":"https:\/\/abinox-chr-clim.com\/index.php\/wp-json\/wp\/v2\/media?parent=67672"}],"wp:term":[{"taxonomy":"product_brand","embeddable":true,"href":"https:\/\/abinox-chr-clim.com\/index.php\/wp-json\/wp\/v2\/product_brand?post=67672"},{"taxonomy":"product_cat","embeddable":true,"href":"https:\/\/abinox-chr-clim.com\/index.php\/wp-json\/wp\/v2\/product_cat?post=67672"},{"taxonomy":"product_tag","embeddable":true,"href":"https:\/\/abinox-chr-clim.com\/index.php\/wp-json\/wp\/v2\/product_tag?post=67672"}],"curies":[{"name":"wp","href":"https:\/\/api.w.org\/{rel}","templated":true}]}}