{"id":67670,"date":"2024-03-22T15:57:21","date_gmt":"2024-03-22T14:57:21","guid":{"rendered":"https:\/\/abinox-chr-clim.com\/index.php\/product\/moule-a-gateau-rond-a-ressort-antiadhesif-masterclass-250mm\/"},"modified":"2026-04-02T10:04:16","modified_gmt":"2026-04-02T08:04:16","slug":"moule-a-gateau-rond-a-ressort-antiadhesif-masterclass-250mm","status":"publish","type":"product","link":"https:\/\/abinox-chr-clim.com\/index.php\/product\/moule-a-gateau-rond-a-ressort-antiadhesif-masterclass-250mm\/","title":{"rendered":"Moule \u00e0 G\u00e2teau Rond \u00e0 Ressort Antiadh\u00e9sif Masterclass 250mm"},"content":{"rendered":"<p>Faites des g\u00e2teaux exceptionnels, avec un moule permettant un d\u00e9moulage rapide facile \u00e0 utiliser.<br \/>La base \u00e0 ressort se d\u00e9tache compl\u00e8tement pour un retrait facile. Le rev\u00eatement antiadh\u00e9sif garantit l&rsquo;absence de d\u00e9chirures sur votre g\u00e2teau. L&rsquo;acier au carbone offre une excellente r\u00e9partition de la chaleur. Passe au lave-vaisselle, au four, au r\u00e9frig\u00e9rateur et au cong\u00e9lateur pour une utilisation polyvalente. L&rsquo;acier robuste est durable. Garantie antiadh\u00e9sive de 5 ans. Fermoir \u00e0 d\u00e9gagement rapide. Garantie 20 ans. Garantie antiadh\u00e9sive de 5 ans. Charni\u00e8re pour un d\u00e9moulage rapide. La base \u00e0 ressort se d\u00e9tache compl\u00e8tement pour un retrait facile.<\/p>\n<p>Caract\u00e9ristiques :<br \/> Mati\u00e8re : Acier.<br \/> Couleur : Noir.<\/p>\n","protected":false},"excerpt":{"rendered":"<p>Moule \u00e0 G\u00e2teau Rond \u00e0 Ressort Antiadh\u00e9sif Masterclass 250mm<\/p>\n","protected":false},"featured_media":97170,"comment_status":"closed","ping_status":"closed","template":"","meta":[],"product_brand":[],"product_cat":[1064,1091,1297,1087],"product_tag":[],"class_list":{"0":"post-67670","1":"product","2":"type-product","3":"status-publish","4":"has-post-thumbnail","6":"product_cat-cuisine","7":"product_cat-moules-a-gateaux","8":"product_cat-non-palettisable","9":"product_cat-patisserie","10":"product_shipping_class-free-shipping","12":"first","13":"instock","14":"featured","15":"taxable","16":"shipping-taxable","17":"purchasable","18":"product-type-simple"},"_links":{"self":[{"href":"https:\/\/abinox-chr-clim.com\/index.php\/wp-json\/wp\/v2\/product\/67670","targetHints":{"allow":["GET"]}}],"collection":[{"href":"https:\/\/abinox-chr-clim.com\/index.php\/wp-json\/wp\/v2\/product"}],"about":[{"href":"https:\/\/abinox-chr-clim.com\/index.php\/wp-json\/wp\/v2\/types\/product"}],"replies":[{"embeddable":true,"href":"https:\/\/abinox-chr-clim.com\/index.php\/wp-json\/wp\/v2\/comments?post=67670"}],"wp:featuredmedia":[{"embeddable":true,"href":"https:\/\/abinox-chr-clim.com\/index.php\/wp-json\/wp\/v2\/media\/97170"}],"wp:attachment":[{"href":"https:\/\/abinox-chr-clim.com\/index.php\/wp-json\/wp\/v2\/media?parent=67670"}],"wp:term":[{"taxonomy":"product_brand","embeddable":true,"href":"https:\/\/abinox-chr-clim.com\/index.php\/wp-json\/wp\/v2\/product_brand?post=67670"},{"taxonomy":"product_cat","embeddable":true,"href":"https:\/\/abinox-chr-clim.com\/index.php\/wp-json\/wp\/v2\/product_cat?post=67670"},{"taxonomy":"product_tag","embeddable":true,"href":"https:\/\/abinox-chr-clim.com\/index.php\/wp-json\/wp\/v2\/product_tag?post=67670"}],"curies":[{"name":"wp","href":"https:\/\/api.w.org\/{rel}","templated":true}]}}