{"id":67669,"date":"2024-03-22T15:57:20","date_gmt":"2024-03-22T14:57:20","guid":{"rendered":"https:\/\/abinox-chr-clim.com\/index.php\/product\/moule-a-pain-exoglass-matfer-bourgeat-305mm\/"},"modified":"2026-04-02T10:00:59","modified_gmt":"2026-04-02T08:00:59","slug":"moule-a-pain-exoglass-matfer-bourgeat-305mm","status":"publish","type":"product","link":"https:\/\/abinox-chr-clim.com\/index.php\/product\/moule-a-pain-exoglass-matfer-bourgeat-305mm\/","title":{"rendered":"Moule \u00e0 pain Exoglass Matfer Bourgeat 305mm"},"content":{"rendered":"<p>Ind\u00e9formable; le moule conserve sa forme et est pratiquement incassable.<br \/>Antiadh\u00e9sif &#8211; aide \u00e0 conserver la qualit\u00e9 du pain et \u00e0 r\u00e9duire le gaspillage alimentaire. R\u00e9sistance aux chocs thermiques &#8211; peut \u00eatre utilis\u00e9 directement du cong\u00e9lateur au four. Tr\u00e8s polyvalent &#8211; convient pour la cuisson sur des plaques ou des grilles. Facile \u00e0 nettoyer, lavage \u00e0 la main et au lave-vaisselle. Faible inertie thermique &#8211; peut \u00eatre manipul\u00e9 en toute s\u00e9curit\u00e9 en quelques secondes apr\u00e8s leur sortie du four. Polyvalent &#8211; peut \u00eatre utilis\u00e9 pour des pr\u00e9parations sucr\u00e9es ou sal\u00e9es.  Antiadh\u00e9sif &#8211; aide \u00e0 conserver la qualit\u00e9 du pain et \u00e0 r\u00e9duire le gaspillage alimentaire.<\/p>\n<p>Caract\u00e9ristiques :<br \/> Capacit\u00e9 : 1 L.<br \/> Dimensions : 102(H) x 125(L) x 305(P) mm.<br \/> Mati\u00e8re : Exoglass.<br \/> Couleur : Noir.<\/p>\n","protected":false},"excerpt":{"rendered":"<p>Moule \u00e0 pain Exoglass Matfer Bourgeat 305mm<\/p>\n","protected":false},"featured_media":94559,"comment_status":"closed","ping_status":"closed","template":"","meta":[],"product_brand":[],"product_cat":[1064,1091,1297,1087],"product_tag":[],"class_list":{"0":"post-67669","1":"product","2":"type-product","3":"status-publish","4":"has-post-thumbnail","6":"product_cat-cuisine","7":"product_cat-moules-a-gateaux","8":"product_cat-non-palettisable","9":"product_cat-patisserie","10":"product_shipping_class-free-shipping","12":"first","13":"instock","14":"featured","15":"taxable","16":"shipping-taxable","17":"purchasable","18":"product-type-simple"},"_links":{"self":[{"href":"https:\/\/abinox-chr-clim.com\/index.php\/wp-json\/wp\/v2\/product\/67669","targetHints":{"allow":["GET"]}}],"collection":[{"href":"https:\/\/abinox-chr-clim.com\/index.php\/wp-json\/wp\/v2\/product"}],"about":[{"href":"https:\/\/abinox-chr-clim.com\/index.php\/wp-json\/wp\/v2\/types\/product"}],"replies":[{"embeddable":true,"href":"https:\/\/abinox-chr-clim.com\/index.php\/wp-json\/wp\/v2\/comments?post=67669"}],"wp:featuredmedia":[{"embeddable":true,"href":"https:\/\/abinox-chr-clim.com\/index.php\/wp-json\/wp\/v2\/media\/94559"}],"wp:attachment":[{"href":"https:\/\/abinox-chr-clim.com\/index.php\/wp-json\/wp\/v2\/media?parent=67669"}],"wp:term":[{"taxonomy":"product_brand","embeddable":true,"href":"https:\/\/abinox-chr-clim.com\/index.php\/wp-json\/wp\/v2\/product_brand?post=67669"},{"taxonomy":"product_cat","embeddable":true,"href":"https:\/\/abinox-chr-clim.com\/index.php\/wp-json\/wp\/v2\/product_cat?post=67669"},{"taxonomy":"product_tag","embeddable":true,"href":"https:\/\/abinox-chr-clim.com\/index.php\/wp-json\/wp\/v2\/product_tag?post=67669"}],"curies":[{"name":"wp","href":"https:\/\/api.w.org\/{rel}","templated":true}]}}