{"id":67668,"date":"2024-03-22T15:57:20","date_gmt":"2024-03-22T14:57:20","guid":{"rendered":"https:\/\/abinox-chr-clim.com\/index.php\/product\/moule-a-pain-exoglass-matfer-bourgeat-283mm\/"},"modified":"2025-06-30T11:44:38","modified_gmt":"2025-06-30T09:44:38","slug":"moule-a-pain-exoglass-matfer-bourgeat-283mm","status":"publish","type":"product","link":"https:\/\/abinox-chr-clim.com\/index.php\/product\/moule-a-pain-exoglass-matfer-bourgeat-283mm\/","title":{"rendered":"Moule \u00e0 pain Exoglass Matfer Bourgeat 283mm"},"content":{"rendered":"<p>Ind\u00e9formable; le moule conserve sa forme et est pratiquement incassable.<br \/>Antiadh\u00e9sif &#8211; aide \u00e0 conserver la qualit\u00e9 du pain et \u00e0 r\u00e9duire le gaspillage alimentaire. R\u00e9sistance aux chocs thermiques &#8211; peut \u00eatre utilis\u00e9 directement du cong\u00e9lateur au four. Tr\u00e8s polyvalent &#8211; convient pour la cuisson sur des plaques ou des grilles. Facile \u00e0 nettoyer, laver \u00e0 la main et au lave-vaisselle. Faible inertie thermique &#8211; peut \u00eatre manipul\u00e9 en toute s\u00e9curit\u00e9 en quelques secondes depuis le four. Multi-usage &#8211; peut \u00eatre utilis\u00e9 pour les plats sucr\u00e9s ou sal\u00e9s.  Antiadh\u00e9sif &#8211; aide \u00e0 conserver la qualit\u00e9 du pain et \u00e0 r\u00e9duire le gaspillage alimentaire.<\/p>\n<p>Caract\u00e9ristiques :<br \/> Capacit\u00e9 : 80 cl.<br \/> Dimensions : 90(H) x 116(L) x 283(P) mm.<br \/> Mati\u00e8re : Exoglass.<br \/> Couleur : Noir.<\/p>\n","protected":false},"excerpt":{"rendered":"<p>Moule \u00e0 pain Exoglass Matfer Bourgeat 283mm<\/p>\n","protected":false},"featured_media":94563,"comment_status":"closed","ping_status":"closed","template":"","meta":[],"product_brand":[],"product_cat":[1064,1091,1297,1087],"product_tag":[],"class_list":{"0":"post-67668","1":"product","2":"type-product","3":"status-publish","4":"has-post-thumbnail","6":"product_cat-cuisine","7":"product_cat-moules-a-gateaux","8":"product_cat-non-palettisable","9":"product_cat-patisserie","10":"product_shipping_class-free-shipping","12":"first","13":"outofstock","14":"featured","15":"taxable","16":"shipping-taxable","17":"purchasable","18":"product-type-simple"},"_links":{"self":[{"href":"https:\/\/abinox-chr-clim.com\/index.php\/wp-json\/wp\/v2\/product\/67668","targetHints":{"allow":["GET"]}}],"collection":[{"href":"https:\/\/abinox-chr-clim.com\/index.php\/wp-json\/wp\/v2\/product"}],"about":[{"href":"https:\/\/abinox-chr-clim.com\/index.php\/wp-json\/wp\/v2\/types\/product"}],"replies":[{"embeddable":true,"href":"https:\/\/abinox-chr-clim.com\/index.php\/wp-json\/wp\/v2\/comments?post=67668"}],"wp:featuredmedia":[{"embeddable":true,"href":"https:\/\/abinox-chr-clim.com\/index.php\/wp-json\/wp\/v2\/media\/94563"}],"wp:attachment":[{"href":"https:\/\/abinox-chr-clim.com\/index.php\/wp-json\/wp\/v2\/media?parent=67668"}],"wp:term":[{"taxonomy":"product_brand","embeddable":true,"href":"https:\/\/abinox-chr-clim.com\/index.php\/wp-json\/wp\/v2\/product_brand?post=67668"},{"taxonomy":"product_cat","embeddable":true,"href":"https:\/\/abinox-chr-clim.com\/index.php\/wp-json\/wp\/v2\/product_cat?post=67668"},{"taxonomy":"product_tag","embeddable":true,"href":"https:\/\/abinox-chr-clim.com\/index.php\/wp-json\/wp\/v2\/product_tag?post=67668"}],"curies":[{"name":"wp","href":"https:\/\/api.w.org\/{rel}","templated":true}]}}