{"id":67666,"date":"2024-03-22T15:57:19","date_gmt":"2024-03-22T14:57:19","guid":{"rendered":"https:\/\/abinox-chr-clim.com\/index.php\/product\/moule-rond-a-charniere-en-fer-blanc-eddingtons-280mm\/"},"modified":"2026-01-12T07:39:30","modified_gmt":"2026-01-12T06:39:30","slug":"moule-rond-a-charniere-en-fer-blanc-eddingtons-280mm","status":"publish","type":"product","link":"https:\/\/abinox-chr-clim.com\/index.php\/product\/moule-rond-a-charniere-en-fer-blanc-eddingtons-280mm\/","title":{"rendered":"Moule rond \u00e0 charni\u00e8re en fer blanc Eddingtons 280mm"},"content":{"rendered":"<p>Obtenez des r\u00e9sultats de cuisson conformes \u00e0 vos attentes gr\u00e2ce \u00e0 ces moules en fer blanc. D\u00e9moulage facile et finition impeccable.<br \/>La charni\u00e8re permet de d\u00e9mouler les g\u00e2teaux sans souci &#8211; moins de d\u00e9chets alimentaires et des g\u00e2teaux plus beaux. La construction est con\u00e7ue pour une meilleure r\u00e9partition de la chaleur afin d&rsquo;am\u00e9liorer les r\u00e9sultats de cuisson. Le fond gaufr\u00e9 renforce la r\u00e9sistance et am\u00e9liore la qualit\u00e9 antiadh\u00e9sive. Grand diam\u00e8tre de 280 mm &#8211; id\u00e9al pour les grandes p\u00e2tisseries. Convient aux fours professionnels et domestiques &#8211; \u00e0 gaz et \u00e9lectriques. Remarque : ne passe pas au lave-vaisselle.  La charni\u00e8re permet de d\u00e9mouler les g\u00e2teaux sans souci &#8211; moins de d\u00e9chets alimentaires et des g\u00e2teaux plus beaux.<\/p>\n<p>Caract\u00e9ristiques :<br \/> Dimensions : 75(H) x 280(\u00d8)mm.<br \/> Mati\u00e8re : \u00c9tain<\/p>\n","protected":false},"excerpt":{"rendered":"<p>Moule rond \u00e0 charni\u00e8re en fer blanc Eddingtons 280mm<\/p>\n","protected":false},"featured_media":95832,"comment_status":"closed","ping_status":"closed","template":"","meta":[],"product_brand":[],"product_cat":[1064,1091,1297,1087],"product_tag":[],"class_list":{"0":"post-67666","1":"product","2":"type-product","3":"status-publish","4":"has-post-thumbnail","6":"product_cat-cuisine","7":"product_cat-moules-a-gateaux","8":"product_cat-non-palettisable","9":"product_cat-patisserie","10":"product_shipping_class-free-shipping","12":"first","13":"outofstock","14":"featured","15":"taxable","16":"shipping-taxable","17":"purchasable","18":"product-type-simple"},"_links":{"self":[{"href":"https:\/\/abinox-chr-clim.com\/index.php\/wp-json\/wp\/v2\/product\/67666","targetHints":{"allow":["GET"]}}],"collection":[{"href":"https:\/\/abinox-chr-clim.com\/index.php\/wp-json\/wp\/v2\/product"}],"about":[{"href":"https:\/\/abinox-chr-clim.com\/index.php\/wp-json\/wp\/v2\/types\/product"}],"replies":[{"embeddable":true,"href":"https:\/\/abinox-chr-clim.com\/index.php\/wp-json\/wp\/v2\/comments?post=67666"}],"wp:featuredmedia":[{"embeddable":true,"href":"https:\/\/abinox-chr-clim.com\/index.php\/wp-json\/wp\/v2\/media\/95832"}],"wp:attachment":[{"href":"https:\/\/abinox-chr-clim.com\/index.php\/wp-json\/wp\/v2\/media?parent=67666"}],"wp:term":[{"taxonomy":"product_brand","embeddable":true,"href":"https:\/\/abinox-chr-clim.com\/index.php\/wp-json\/wp\/v2\/product_brand?post=67666"},{"taxonomy":"product_cat","embeddable":true,"href":"https:\/\/abinox-chr-clim.com\/index.php\/wp-json\/wp\/v2\/product_cat?post=67666"},{"taxonomy":"product_tag","embeddable":true,"href":"https:\/\/abinox-chr-clim.com\/index.php\/wp-json\/wp\/v2\/product_tag?post=67666"}],"curies":[{"name":"wp","href":"https:\/\/api.w.org\/{rel}","templated":true}]}}