{"id":67665,"date":"2024-03-22T15:57:19","date_gmt":"2024-03-22T14:57:19","guid":{"rendered":"https:\/\/abinox-chr-clim.com\/index.php\/product\/moule-rond-a-charniere-en-fer-blanc-vogue-260mm\/"},"modified":"2026-04-02T08:44:38","modified_gmt":"2026-04-02T06:44:38","slug":"moule-rond-a-charniere-en-fer-blanc-vogue-260mm","status":"publish","type":"product","link":"https:\/\/abinox-chr-clim.com\/index.php\/product\/moule-rond-a-charniere-en-fer-blanc-vogue-260mm\/","title":{"rendered":"Moule rond \u00e0 charni\u00e8re en fer blanc Vogue 260mm"},"content":{"rendered":"<p>Obtenez des r\u00e9sultats de cuisson conformes \u00e0 vos attentes gr\u00e2ce \u00e0 ces moules en fer blanc. D\u00e9moulage facile et finition impeccable.<br \/>R\u00e9partition uniforme de la chaleur pour des r\u00e9sultats de cuisson constants \u00e0 chaque fois. La charni\u00e8re permet de d\u00e9mouler facilement les g\u00e2teaux sans les endommager. Assure une finition impeccable pour rehausser vos d\u00e9corations de g\u00e2teau. Design solide et robuste adapt\u00e9 \u00e0 un usage commercial quotidien. Le lavage \u00e0 la main est recommand\u00e9 pour garder les bo\u00eetes en parfait \u00e9tat.  R\u00e9partition uniforme de la chaleur pour des r\u00e9sultats de cuisson constants \u00e0 chaque fois.<\/p>\n<p>Caract\u00e9ristiques :<br \/> Dimensions : 75(H) x 260(\u00d8)mm.<br \/> Mati\u00e8re : \u00c9tain<\/p>\n","protected":false},"excerpt":{"rendered":"<p>Moule rond \u00e0 charni\u00e8re en fer blanc Vogue 260mm<\/p>\n","protected":false},"featured_media":95837,"comment_status":"closed","ping_status":"closed","template":"","meta":[],"product_brand":[],"product_cat":[1064,1091,1297,1087],"product_tag":[],"class_list":{"0":"post-67665","1":"product","2":"type-product","3":"status-publish","4":"has-post-thumbnail","6":"product_cat-cuisine","7":"product_cat-moules-a-gateaux","8":"product_cat-non-palettisable","9":"product_cat-patisserie","10":"product_shipping_class-free-shipping","12":"first","13":"instock","14":"featured","15":"taxable","16":"shipping-taxable","17":"purchasable","18":"product-type-simple"},"_links":{"self":[{"href":"https:\/\/abinox-chr-clim.com\/index.php\/wp-json\/wp\/v2\/product\/67665","targetHints":{"allow":["GET"]}}],"collection":[{"href":"https:\/\/abinox-chr-clim.com\/index.php\/wp-json\/wp\/v2\/product"}],"about":[{"href":"https:\/\/abinox-chr-clim.com\/index.php\/wp-json\/wp\/v2\/types\/product"}],"replies":[{"embeddable":true,"href":"https:\/\/abinox-chr-clim.com\/index.php\/wp-json\/wp\/v2\/comments?post=67665"}],"wp:featuredmedia":[{"embeddable":true,"href":"https:\/\/abinox-chr-clim.com\/index.php\/wp-json\/wp\/v2\/media\/95837"}],"wp:attachment":[{"href":"https:\/\/abinox-chr-clim.com\/index.php\/wp-json\/wp\/v2\/media?parent=67665"}],"wp:term":[{"taxonomy":"product_brand","embeddable":true,"href":"https:\/\/abinox-chr-clim.com\/index.php\/wp-json\/wp\/v2\/product_brand?post=67665"},{"taxonomy":"product_cat","embeddable":true,"href":"https:\/\/abinox-chr-clim.com\/index.php\/wp-json\/wp\/v2\/product_cat?post=67665"},{"taxonomy":"product_tag","embeddable":true,"href":"https:\/\/abinox-chr-clim.com\/index.php\/wp-json\/wp\/v2\/product_tag?post=67665"}],"curies":[{"name":"wp","href":"https:\/\/api.w.org\/{rel}","templated":true}]}}