{"id":67664,"date":"2024-03-22T15:57:19","date_gmt":"2024-03-22T14:57:19","guid":{"rendered":"https:\/\/abinox-chr-clim.com\/index.php\/product\/moule-rond-a-charniere-en-fer-blanc-vogue-220mm\/"},"modified":"2026-04-02T08:44:37","modified_gmt":"2026-04-02T06:44:37","slug":"moule-rond-a-charniere-en-fer-blanc-vogue-220mm","status":"publish","type":"product","link":"https:\/\/abinox-chr-clim.com\/index.php\/product\/moule-rond-a-charniere-en-fer-blanc-vogue-220mm\/","title":{"rendered":"Moule rond \u00e0 charni\u00e8re en fer blanc Vogue 220mm"},"content":{"rendered":"<p>Lavage \u00e0 la main recommand\u00e9. La charni\u00e8re permet de d\u00e9mouler facilement les g\u00e2teaux. Assure un fini impeccable. Pour des p\u00e2tisseries aux formes parfaites. Garantit une distribution uniforme de la chaleur.  Lavage \u00e0 la main recommand\u00e9.<\/p>\n<p>Caract\u00e9ristiques :<br \/> Dimensions : 75(H) x 220(\u00d8)mm.<br \/> Mati\u00e8re : \u00c9tain<\/p>\n","protected":false},"excerpt":{"rendered":"<p>Moule rond \u00e0 charni\u00e8re en fer blanc Vogue 220mm<\/p>\n","protected":false},"featured_media":95841,"comment_status":"closed","ping_status":"closed","template":"","meta":[],"product_brand":[],"product_cat":[1064,1091,1297,1087],"product_tag":[],"class_list":{"0":"post-67664","1":"product","2":"type-product","3":"status-publish","4":"has-post-thumbnail","6":"product_cat-cuisine","7":"product_cat-moules-a-gateaux","8":"product_cat-non-palettisable","9":"product_cat-patisserie","10":"product_shipping_class-free-shipping","12":"first","13":"instock","14":"featured","15":"taxable","16":"shipping-taxable","17":"purchasable","18":"product-type-simple"},"_links":{"self":[{"href":"https:\/\/abinox-chr-clim.com\/index.php\/wp-json\/wp\/v2\/product\/67664","targetHints":{"allow":["GET"]}}],"collection":[{"href":"https:\/\/abinox-chr-clim.com\/index.php\/wp-json\/wp\/v2\/product"}],"about":[{"href":"https:\/\/abinox-chr-clim.com\/index.php\/wp-json\/wp\/v2\/types\/product"}],"replies":[{"embeddable":true,"href":"https:\/\/abinox-chr-clim.com\/index.php\/wp-json\/wp\/v2\/comments?post=67664"}],"wp:featuredmedia":[{"embeddable":true,"href":"https:\/\/abinox-chr-clim.com\/index.php\/wp-json\/wp\/v2\/media\/95841"}],"wp:attachment":[{"href":"https:\/\/abinox-chr-clim.com\/index.php\/wp-json\/wp\/v2\/media?parent=67664"}],"wp:term":[{"taxonomy":"product_brand","embeddable":true,"href":"https:\/\/abinox-chr-clim.com\/index.php\/wp-json\/wp\/v2\/product_brand?post=67664"},{"taxonomy":"product_cat","embeddable":true,"href":"https:\/\/abinox-chr-clim.com\/index.php\/wp-json\/wp\/v2\/product_cat?post=67664"},{"taxonomy":"product_tag","embeddable":true,"href":"https:\/\/abinox-chr-clim.com\/index.php\/wp-json\/wp\/v2\/product_tag?post=67664"}],"curies":[{"name":"wp","href":"https:\/\/api.w.org\/{rel}","templated":true}]}}