{"id":67662,"date":"2024-03-22T15:57:18","date_gmt":"2024-03-22T14:57:18","guid":{"rendered":"https:\/\/abinox-chr-clim.com\/index.php\/product\/moule-a-pain-305-x-102-mm\/"},"modified":"2026-04-02T08:44:32","modified_gmt":"2026-04-02T06:44:32","slug":"moule-a-pain-305-x-102-mm","status":"publish","type":"product","link":"https:\/\/abinox-chr-clim.com\/index.php\/product\/moule-a-pain-305-x-102-mm\/","title":{"rendered":"Moule \u00e0 pain 305 x 102 mm"},"content":{"rendered":"<p>Moule de cuisson en fer blanc.<br \/>Convient pour la cuisson \u00e0 la maison et la cuisson professionnelle. Parfait pour cuire des pains ou des g\u00e2teaux. La plaque en \u00e9tain favorise une r\u00e9partition uniforme de la chaleur pour des r\u00e9sultats constants. Con\u00e7u pour un nettoyage rapide et facile. Solide et robuste pour une fiabilit\u00e9 durable dans n&rsquo;importe quelle cuisine.  Convient pour la cuisson \u00e0 la maison et la cuisson professionnelle.<\/p>\n<p>Caract\u00e9ristiques :<br \/> Dimensions : 102(H) x 305(L) x 102(P)mm.<br \/> Mati\u00e8re : Acier<\/p>\n","protected":false},"excerpt":{"rendered":"<p>Moule \u00e0 pain 305 x 102 mm<\/p>\n","protected":false},"featured_media":95877,"comment_status":"closed","ping_status":"closed","template":"","meta":[],"product_brand":[],"product_cat":[1064,1091,1297,1087],"product_tag":[],"class_list":{"0":"post-67662","1":"product","2":"type-product","3":"status-publish","4":"has-post-thumbnail","6":"product_cat-cuisine","7":"product_cat-moules-a-gateaux","8":"product_cat-non-palettisable","9":"product_cat-patisserie","10":"product_shipping_class-free-shipping","12":"first","13":"instock","14":"featured","15":"taxable","16":"shipping-taxable","17":"purchasable","18":"product-type-simple"},"_links":{"self":[{"href":"https:\/\/abinox-chr-clim.com\/index.php\/wp-json\/wp\/v2\/product\/67662","targetHints":{"allow":["GET"]}}],"collection":[{"href":"https:\/\/abinox-chr-clim.com\/index.php\/wp-json\/wp\/v2\/product"}],"about":[{"href":"https:\/\/abinox-chr-clim.com\/index.php\/wp-json\/wp\/v2\/types\/product"}],"replies":[{"embeddable":true,"href":"https:\/\/abinox-chr-clim.com\/index.php\/wp-json\/wp\/v2\/comments?post=67662"}],"wp:featuredmedia":[{"embeddable":true,"href":"https:\/\/abinox-chr-clim.com\/index.php\/wp-json\/wp\/v2\/media\/95877"}],"wp:attachment":[{"href":"https:\/\/abinox-chr-clim.com\/index.php\/wp-json\/wp\/v2\/media?parent=67662"}],"wp:term":[{"taxonomy":"product_brand","embeddable":true,"href":"https:\/\/abinox-chr-clim.com\/index.php\/wp-json\/wp\/v2\/product_brand?post=67662"},{"taxonomy":"product_cat","embeddable":true,"href":"https:\/\/abinox-chr-clim.com\/index.php\/wp-json\/wp\/v2\/product_cat?post=67662"},{"taxonomy":"product_tag","embeddable":true,"href":"https:\/\/abinox-chr-clim.com\/index.php\/wp-json\/wp\/v2\/product_tag?post=67662"}],"curies":[{"name":"wp","href":"https:\/\/api.w.org\/{rel}","templated":true}]}}