{"id":67661,"date":"2024-03-22T15:57:18","date_gmt":"2024-03-22T14:57:18","guid":{"rendered":"https:\/\/abinox-chr-clim.com\/index.php\/product\/moule-a-quiche-cannele-a-fond-amovible-bron-120mm\/"},"modified":"2025-08-30T09:24:42","modified_gmt":"2025-08-30T07:24:42","slug":"moule-a-quiche-cannele-a-fond-amovible-bron-120mm","status":"publish","type":"product","link":"https:\/\/abinox-chr-clim.com\/index.php\/product\/moule-a-quiche-cannele-a-fond-amovible-bron-120mm\/","title":{"rendered":"Moule \u00e0 quiche cannel\u00e9 \u00e0 fond amovible Bron 120mm"},"content":{"rendered":"<p>Avec fond amovible et bords cannel\u00e9s.<\/p>\n<p>Caract\u00e9ristiques :<br \/> Dimensions : 20(H) x 120(\u00d8) mm.<br \/> Mati\u00e8re : Acier plaqu\u00e9 d&rsquo;\u00e9tain.<br \/> Couleur : Argent.<\/p>\n","protected":false},"excerpt":{"rendered":"<p>Moule \u00e0 quiche cannel\u00e9 \u00e0 fond amovible Bron 120mm<\/p>\n","protected":false},"featured_media":95878,"comment_status":"closed","ping_status":"closed","template":"","meta":[],"product_brand":[],"product_cat":[1064,1091,1297,1087],"product_tag":[],"class_list":{"0":"post-67661","1":"product","2":"type-product","3":"status-publish","4":"has-post-thumbnail","6":"product_cat-cuisine","7":"product_cat-moules-a-gateaux","8":"product_cat-non-palettisable","9":"product_cat-patisserie","10":"product_shipping_class-free-shipping","12":"first","13":"outofstock","14":"featured","15":"taxable","16":"shipping-taxable","17":"purchasable","18":"product-type-simple"},"_links":{"self":[{"href":"https:\/\/abinox-chr-clim.com\/index.php\/wp-json\/wp\/v2\/product\/67661","targetHints":{"allow":["GET"]}}],"collection":[{"href":"https:\/\/abinox-chr-clim.com\/index.php\/wp-json\/wp\/v2\/product"}],"about":[{"href":"https:\/\/abinox-chr-clim.com\/index.php\/wp-json\/wp\/v2\/types\/product"}],"replies":[{"embeddable":true,"href":"https:\/\/abinox-chr-clim.com\/index.php\/wp-json\/wp\/v2\/comments?post=67661"}],"wp:featuredmedia":[{"embeddable":true,"href":"https:\/\/abinox-chr-clim.com\/index.php\/wp-json\/wp\/v2\/media\/95878"}],"wp:attachment":[{"href":"https:\/\/abinox-chr-clim.com\/index.php\/wp-json\/wp\/v2\/media?parent=67661"}],"wp:term":[{"taxonomy":"product_brand","embeddable":true,"href":"https:\/\/abinox-chr-clim.com\/index.php\/wp-json\/wp\/v2\/product_brand?post=67661"},{"taxonomy":"product_cat","embeddable":true,"href":"https:\/\/abinox-chr-clim.com\/index.php\/wp-json\/wp\/v2\/product_cat?post=67661"},{"taxonomy":"product_tag","embeddable":true,"href":"https:\/\/abinox-chr-clim.com\/index.php\/wp-json\/wp\/v2\/product_tag?post=67661"}],"curies":[{"name":"wp","href":"https:\/\/api.w.org\/{rel}","templated":true}]}}