{"id":67659,"date":"2024-03-22T15:57:17","date_gmt":"2024-03-22T14:57:17","guid":{"rendered":"https:\/\/abinox-chr-clim.com\/index.php\/product\/moules-a-mini-brioche-antiadhesifs-75mm-matfer-bourgeat-lot-de-12\/"},"modified":"2026-04-02T08:43:57","modified_gmt":"2026-04-02T06:43:57","slug":"moules-a-mini-brioche-antiadhesifs-75mm-matfer-bourgeat-lot-de-12","status":"publish","type":"product","link":"https:\/\/abinox-chr-clim.com\/index.php\/product\/moules-a-mini-brioche-antiadhesifs-75mm-matfer-bourgeat-lot-de-12\/","title":{"rendered":"Moules \u00e0 mini brioche antiadh\u00e9sifs 75mm Matfer Bourgeat (lot de 12)"},"content":{"rendered":"<p>Antiadh\u00e9sif. Lot de 12.<br \/>Lot de 12 &#8211; faites jusqu&rsquo;\u00e0 12 p\u00e2tisseries \u00e0 la fois. Mat\u00e9riau Exoglass antiadh\u00e9sif &#8211; aucun pr\u00e9-graissage requis. Conception du moule cannel\u00e9e pour la forme de brioche traditionnelle. Le mat\u00e9riau Exoglass est tr\u00e8s durable et presque incassable &#8211; parfait pour les cuisines professionnelles. Facile \u00e0 nettoyer &#8211; va au lave-vaisselle.  Lot de 12 &#8211; faites jusqu&rsquo;\u00e0 12 p\u00e2tisseries \u00e0 la fois.<\/p>\n<p>Caract\u00e9ristiques :<br \/>Lot : 12.<br \/> Dimensions : 28(H) x 75(\u00d8) mm.<\/p>\n","protected":false},"excerpt":{"rendered":"<p>Moules \u00e0 mini brioche antiadh\u00e9sifs 75mm Matfer Bourgeat (lot de 12)<\/p>\n","protected":false},"featured_media":96040,"comment_status":"closed","ping_status":"closed","template":"","meta":[],"product_brand":[],"product_cat":[1064,1091,1297,1087],"product_tag":[],"class_list":{"0":"post-67659","1":"product","2":"type-product","3":"status-publish","4":"has-post-thumbnail","6":"product_cat-cuisine","7":"product_cat-moules-a-gateaux","8":"product_cat-non-palettisable","9":"product_cat-patisserie","10":"product_shipping_class-free-shipping","12":"first","13":"instock","14":"featured","15":"taxable","16":"shipping-taxable","17":"purchasable","18":"product-type-simple"},"_links":{"self":[{"href":"https:\/\/abinox-chr-clim.com\/index.php\/wp-json\/wp\/v2\/product\/67659","targetHints":{"allow":["GET"]}}],"collection":[{"href":"https:\/\/abinox-chr-clim.com\/index.php\/wp-json\/wp\/v2\/product"}],"about":[{"href":"https:\/\/abinox-chr-clim.com\/index.php\/wp-json\/wp\/v2\/types\/product"}],"replies":[{"embeddable":true,"href":"https:\/\/abinox-chr-clim.com\/index.php\/wp-json\/wp\/v2\/comments?post=67659"}],"wp:featuredmedia":[{"embeddable":true,"href":"https:\/\/abinox-chr-clim.com\/index.php\/wp-json\/wp\/v2\/media\/96040"}],"wp:attachment":[{"href":"https:\/\/abinox-chr-clim.com\/index.php\/wp-json\/wp\/v2\/media?parent=67659"}],"wp:term":[{"taxonomy":"product_brand","embeddable":true,"href":"https:\/\/abinox-chr-clim.com\/index.php\/wp-json\/wp\/v2\/product_brand?post=67659"},{"taxonomy":"product_cat","embeddable":true,"href":"https:\/\/abinox-chr-clim.com\/index.php\/wp-json\/wp\/v2\/product_cat?post=67659"},{"taxonomy":"product_tag","embeddable":true,"href":"https:\/\/abinox-chr-clim.com\/index.php\/wp-json\/wp\/v2\/product_tag?post=67659"}],"curies":[{"name":"wp","href":"https:\/\/api.w.org\/{rel}","templated":true}]}}