{"id":67658,"date":"2024-03-22T15:57:16","date_gmt":"2024-03-22T14:57:16","guid":{"rendered":"https:\/\/abinox-chr-clim.com\/index.php\/product\/minis-moules-a-tartelettes-antiadhesif-80mm-matfer-bourgeat-lot-de-12\/"},"modified":"2026-04-02T08:43:51","modified_gmt":"2026-04-02T06:43:51","slug":"minis-moules-a-tartelettes-antiadhesif-80mm-matfer-bourgeat-lot-de-12","status":"publish","type":"product","link":"https:\/\/abinox-chr-clim.com\/index.php\/product\/minis-moules-a-tartelettes-antiadhesif-80mm-matfer-bourgeat-lot-de-12\/","title":{"rendered":"Minis moules \u00e0 tartelettes antiadh\u00e9sif 80mm Matfer Bourgeat (Lot de 12)"},"content":{"rendered":"<p>Caract\u00e9ristiques :<br \/>Lot : 12.<br \/> Dimensions : 18(H) x 80(\u00d8) mm.<\/p>\n","protected":false},"excerpt":{"rendered":"<p>Minis moules \u00e0 tartelettes antiadh\u00e9sif 80mm Matfer Bourgeat (Lot de 12)<\/p>\n","protected":false},"featured_media":96067,"comment_status":"closed","ping_status":"closed","template":"","meta":[],"product_brand":[],"product_cat":[1064,1091,1297,1087],"product_tag":[],"class_list":{"0":"post-67658","1":"product","2":"type-product","3":"status-publish","4":"has-post-thumbnail","6":"product_cat-cuisine","7":"product_cat-moules-a-gateaux","8":"product_cat-non-palettisable","9":"product_cat-patisserie","10":"product_shipping_class-free-shipping","12":"first","13":"outofstock","14":"featured","15":"taxable","16":"shipping-taxable","17":"purchasable","18":"product-type-simple"},"_links":{"self":[{"href":"https:\/\/abinox-chr-clim.com\/index.php\/wp-json\/wp\/v2\/product\/67658","targetHints":{"allow":["GET"]}}],"collection":[{"href":"https:\/\/abinox-chr-clim.com\/index.php\/wp-json\/wp\/v2\/product"}],"about":[{"href":"https:\/\/abinox-chr-clim.com\/index.php\/wp-json\/wp\/v2\/types\/product"}],"replies":[{"embeddable":true,"href":"https:\/\/abinox-chr-clim.com\/index.php\/wp-json\/wp\/v2\/comments?post=67658"}],"wp:featuredmedia":[{"embeddable":true,"href":"https:\/\/abinox-chr-clim.com\/index.php\/wp-json\/wp\/v2\/media\/96067"}],"wp:attachment":[{"href":"https:\/\/abinox-chr-clim.com\/index.php\/wp-json\/wp\/v2\/media?parent=67658"}],"wp:term":[{"taxonomy":"product_brand","embeddable":true,"href":"https:\/\/abinox-chr-clim.com\/index.php\/wp-json\/wp\/v2\/product_brand?post=67658"},{"taxonomy":"product_cat","embeddable":true,"href":"https:\/\/abinox-chr-clim.com\/index.php\/wp-json\/wp\/v2\/product_cat?post=67658"},{"taxonomy":"product_tag","embeddable":true,"href":"https:\/\/abinox-chr-clim.com\/index.php\/wp-json\/wp\/v2\/product_tag?post=67658"}],"curies":[{"name":"wp","href":"https:\/\/api.w.org\/{rel}","templated":true}]}}