{"id":67656,"date":"2024-03-22T15:57:16","date_gmt":"2024-03-22T14:57:16","guid":{"rendered":"https:\/\/abinox-chr-clim.com\/index.php\/product\/tourtiere-unie-antiadhesive-280mm-matfer-bourgeat\/"},"modified":"2026-04-02T08:43:45","modified_gmt":"2026-04-02T06:43:45","slug":"tourtiere-unie-antiadhesive-280mm-matfer-bourgeat","status":"publish","type":"product","link":"https:\/\/abinox-chr-clim.com\/index.php\/product\/tourtiere-unie-antiadhesive-280mm-matfer-bourgeat\/","title":{"rendered":"Tourti\u00e8re unie antiadh\u00e9sive 280mm Matfer Bourgeat"},"content":{"rendered":"<p>Caract\u00e9ristiques :<br \/> Dimensions : 23(H) x 280(\u00d8) mm.<\/p>\n","protected":false},"excerpt":{"rendered":"<p>Tourti\u00e8re unie antiadh\u00e9sive 280mm Matfer Bourgeat<\/p>\n","protected":false},"featured_media":96116,"comment_status":"closed","ping_status":"closed","template":"","meta":[],"product_brand":[],"product_cat":[1064,1091,1297,1087],"product_tag":[],"class_list":{"0":"post-67656","1":"product","2":"type-product","3":"status-publish","4":"has-post-thumbnail","6":"product_cat-cuisine","7":"product_cat-moules-a-gateaux","8":"product_cat-non-palettisable","9":"product_cat-patisserie","10":"product_shipping_class-free-shipping","12":"first","13":"outofstock","14":"featured","15":"taxable","16":"shipping-taxable","17":"purchasable","18":"product-type-simple"},"_links":{"self":[{"href":"https:\/\/abinox-chr-clim.com\/index.php\/wp-json\/wp\/v2\/product\/67656","targetHints":{"allow":["GET"]}}],"collection":[{"href":"https:\/\/abinox-chr-clim.com\/index.php\/wp-json\/wp\/v2\/product"}],"about":[{"href":"https:\/\/abinox-chr-clim.com\/index.php\/wp-json\/wp\/v2\/types\/product"}],"replies":[{"embeddable":true,"href":"https:\/\/abinox-chr-clim.com\/index.php\/wp-json\/wp\/v2\/comments?post=67656"}],"wp:featuredmedia":[{"embeddable":true,"href":"https:\/\/abinox-chr-clim.com\/index.php\/wp-json\/wp\/v2\/media\/96116"}],"wp:attachment":[{"href":"https:\/\/abinox-chr-clim.com\/index.php\/wp-json\/wp\/v2\/media?parent=67656"}],"wp:term":[{"taxonomy":"product_brand","embeddable":true,"href":"https:\/\/abinox-chr-clim.com\/index.php\/wp-json\/wp\/v2\/product_brand?post=67656"},{"taxonomy":"product_cat","embeddable":true,"href":"https:\/\/abinox-chr-clim.com\/index.php\/wp-json\/wp\/v2\/product_cat?post=67656"},{"taxonomy":"product_tag","embeddable":true,"href":"https:\/\/abinox-chr-clim.com\/index.php\/wp-json\/wp\/v2\/product_tag?post=67656"}],"curies":[{"name":"wp","href":"https:\/\/api.w.org\/{rel}","templated":true}]}}