{"id":67652,"date":"2024-03-22T15:57:12","date_gmt":"2024-03-22T14:57:12","guid":{"rendered":"https:\/\/abinox-chr-clim.com\/index.php\/product\/cercle-a-tarte-inox-280mm-matfer-bourgeat\/"},"modified":"2026-04-02T08:42:34","modified_gmt":"2026-04-02T06:42:34","slug":"cercle-a-tarte-inox-280mm-matfer-bourgeat","status":"publish","type":"product","link":"https:\/\/abinox-chr-clim.com\/index.php\/product\/cercle-a-tarte-inox-280mm-matfer-bourgeat\/","title":{"rendered":"Cercle \u00e0 tarte inox 280mm Matfer Bourgeat"},"content":{"rendered":"<p>20 mm de profondeur. Acier inoxydable.<br \/>Bords arrondis pour une manipulation plus facile et une durabilit\u00e9 accrue. Mat\u00e9riau robuste. Procure une finition impeccable de vos g\u00e2teaux. Facile \u00e0 nettoyer. Bords arrondis pour une manipulation plus facile et une durabilit\u00e9 accrue.<\/p>\n<p>Caract\u00e9ristiques :<br \/> Dimensions : 20(H) x 280(\u00d8) mm.<br \/> Mati\u00e8re : Acier inoxydable.<br \/> Couleur : Argent.<\/p>\n","protected":false},"excerpt":{"rendered":"<p>Cercle \u00e0 tarte inox 280mm Matfer Bourgeat<\/p>\n","protected":false},"featured_media":91917,"comment_status":"closed","ping_status":"closed","template":"","meta":[],"product_brand":[],"product_cat":[1064,1091,1297,1087],"product_tag":[],"class_list":{"0":"post-67652","1":"product","2":"type-product","3":"status-publish","4":"has-post-thumbnail","6":"product_cat-cuisine","7":"product_cat-moules-a-gateaux","8":"product_cat-non-palettisable","9":"product_cat-patisserie","10":"product_shipping_class-free-shipping","12":"first","13":"instock","14":"featured","15":"taxable","16":"shipping-taxable","17":"purchasable","18":"product-type-simple"},"_links":{"self":[{"href":"https:\/\/abinox-chr-clim.com\/index.php\/wp-json\/wp\/v2\/product\/67652","targetHints":{"allow":["GET"]}}],"collection":[{"href":"https:\/\/abinox-chr-clim.com\/index.php\/wp-json\/wp\/v2\/product"}],"about":[{"href":"https:\/\/abinox-chr-clim.com\/index.php\/wp-json\/wp\/v2\/types\/product"}],"replies":[{"embeddable":true,"href":"https:\/\/abinox-chr-clim.com\/index.php\/wp-json\/wp\/v2\/comments?post=67652"}],"wp:featuredmedia":[{"embeddable":true,"href":"https:\/\/abinox-chr-clim.com\/index.php\/wp-json\/wp\/v2\/media\/91917"}],"wp:attachment":[{"href":"https:\/\/abinox-chr-clim.com\/index.php\/wp-json\/wp\/v2\/media?parent=67652"}],"wp:term":[{"taxonomy":"product_brand","embeddable":true,"href":"https:\/\/abinox-chr-clim.com\/index.php\/wp-json\/wp\/v2\/product_brand?post=67652"},{"taxonomy":"product_cat","embeddable":true,"href":"https:\/\/abinox-chr-clim.com\/index.php\/wp-json\/wp\/v2\/product_cat?post=67652"},{"taxonomy":"product_tag","embeddable":true,"href":"https:\/\/abinox-chr-clim.com\/index.php\/wp-json\/wp\/v2\/product_tag?post=67652"}],"curies":[{"name":"wp","href":"https:\/\/api.w.org\/{rel}","templated":true}]}}