{"id":67651,"date":"2024-03-22T15:57:12","date_gmt":"2024-03-22T14:57:12","guid":{"rendered":"https:\/\/abinox-chr-clim.com\/index.php\/product\/cercle-a-mousse-inox-240mm-matfer-bourgeat\/"},"modified":"2025-11-11T07:44:53","modified_gmt":"2025-11-11T06:44:53","slug":"cercle-a-mousse-inox-240mm-matfer-bourgeat","status":"publish","type":"product","link":"https:\/\/abinox-chr-clim.com\/index.php\/product\/cercle-a-mousse-inox-240mm-matfer-bourgeat\/","title":{"rendered":"Cercle \u00e0 mousse inox 240mm Matfer Bourgeat"},"content":{"rendered":"<p>Vendu \u00e0 l&rsquo;unit\u00e9. Am\u00e9liore la pr\u00e9sentation des aliments. Id\u00e9al pour pr\u00e9senter des portions uniformes de riz et de l\u00e9gumes. Permet d&#8217;empiler soigneusement aliments et salades. Tr\u00e8s r\u00e9sistant. Facile \u00e0 nettoyer.  Vendu \u00e0 l&rsquo;unit\u00e9.<\/p>\n<p>Caract\u00e9ristiques :<br \/> Dimensions : 45(H) x 240(\u00d8) mm.<br \/> Mati\u00e8re : Acier inoxydable<\/p>\n","protected":false},"excerpt":{"rendered":"<p>Cercle \u00e0 mousse inox 240mm Matfer Bourgeat<\/p>\n","protected":false},"featured_media":104911,"comment_status":"closed","ping_status":"closed","template":"","meta":[],"product_brand":[],"product_cat":[1064,1091,1297,1087],"product_tag":[],"class_list":{"0":"post-67651","1":"product","2":"type-product","3":"status-publish","4":"has-post-thumbnail","6":"product_cat-cuisine","7":"product_cat-moules-a-gateaux","8":"product_cat-non-palettisable","9":"product_cat-patisserie","10":"product_shipping_class-free-shipping","12":"first","13":"outofstock","14":"featured","15":"taxable","16":"shipping-taxable","17":"purchasable","18":"product-type-simple"},"_links":{"self":[{"href":"https:\/\/abinox-chr-clim.com\/index.php\/wp-json\/wp\/v2\/product\/67651","targetHints":{"allow":["GET"]}}],"collection":[{"href":"https:\/\/abinox-chr-clim.com\/index.php\/wp-json\/wp\/v2\/product"}],"about":[{"href":"https:\/\/abinox-chr-clim.com\/index.php\/wp-json\/wp\/v2\/types\/product"}],"replies":[{"embeddable":true,"href":"https:\/\/abinox-chr-clim.com\/index.php\/wp-json\/wp\/v2\/comments?post=67651"}],"wp:featuredmedia":[{"embeddable":true,"href":"https:\/\/abinox-chr-clim.com\/index.php\/wp-json\/wp\/v2\/media\/104911"}],"wp:attachment":[{"href":"https:\/\/abinox-chr-clim.com\/index.php\/wp-json\/wp\/v2\/media?parent=67651"}],"wp:term":[{"taxonomy":"product_brand","embeddable":true,"href":"https:\/\/abinox-chr-clim.com\/index.php\/wp-json\/wp\/v2\/product_brand?post=67651"},{"taxonomy":"product_cat","embeddable":true,"href":"https:\/\/abinox-chr-clim.com\/index.php\/wp-json\/wp\/v2\/product_cat?post=67651"},{"taxonomy":"product_tag","embeddable":true,"href":"https:\/\/abinox-chr-clim.com\/index.php\/wp-json\/wp\/v2\/product_tag?post=67651"}],"curies":[{"name":"wp","href":"https:\/\/api.w.org\/{rel}","templated":true}]}}