{"id":67650,"date":"2024-03-22T15:57:12","date_gmt":"2024-03-22T14:57:12","guid":{"rendered":"https:\/\/abinox-chr-clim.com\/index.php\/product\/moules-a-tartelette-ronds-canneles-exoglass-matfer-bourgeat-100mm-lot-de-12\/"},"modified":"2026-04-02T08:42:33","modified_gmt":"2026-04-02T06:42:33","slug":"moules-a-tartelette-ronds-canneles-exoglass-matfer-bourgeat-100mm-lot-de-12","status":"publish","type":"product","link":"https:\/\/abinox-chr-clim.com\/index.php\/product\/moules-a-tartelette-ronds-canneles-exoglass-matfer-bourgeat-100mm-lot-de-12\/","title":{"rendered":"Moules \u00e0 tartelette ronds cannel\u00e9s Exoglass Matfer Bourgeat 100mm (lot de 12)"},"content":{"rendered":"<p>Les moules Exoglass r\u00e9sistent \u00e0 des temp\u00e9ratures de 20 \u00e0 250\u00b0 C.<br \/>Bord cannel\u00e9. Rond. Bord cannel\u00e9.<\/p>\n<p>Caract\u00e9ristiques :<br \/>Lot : 12.<br \/> Dimensions : 18(H) x 100(\u00d8) mm.<br \/> Mati\u00e8re : Exoglass<\/p>\n","protected":false},"excerpt":{"rendered":"<p>Moules \u00e0 tartelette ronds cannel\u00e9s Exoglass Matfer Bourgeat 100mm (lot de 12)<\/p>\n","protected":false},"featured_media":91923,"comment_status":"closed","ping_status":"closed","template":"","meta":[],"product_brand":[],"product_cat":[1064,1091,1297,1087],"product_tag":[],"class_list":{"0":"post-67650","1":"product","2":"type-product","3":"status-publish","4":"has-post-thumbnail","6":"product_cat-cuisine","7":"product_cat-moules-a-gateaux","8":"product_cat-non-palettisable","9":"product_cat-patisserie","10":"product_shipping_class-free-shipping","12":"first","13":"instock","14":"featured","15":"taxable","16":"shipping-taxable","17":"purchasable","18":"product-type-simple"},"_links":{"self":[{"href":"https:\/\/abinox-chr-clim.com\/index.php\/wp-json\/wp\/v2\/product\/67650","targetHints":{"allow":["GET"]}}],"collection":[{"href":"https:\/\/abinox-chr-clim.com\/index.php\/wp-json\/wp\/v2\/product"}],"about":[{"href":"https:\/\/abinox-chr-clim.com\/index.php\/wp-json\/wp\/v2\/types\/product"}],"replies":[{"embeddable":true,"href":"https:\/\/abinox-chr-clim.com\/index.php\/wp-json\/wp\/v2\/comments?post=67650"}],"wp:featuredmedia":[{"embeddable":true,"href":"https:\/\/abinox-chr-clim.com\/index.php\/wp-json\/wp\/v2\/media\/91923"}],"wp:attachment":[{"href":"https:\/\/abinox-chr-clim.com\/index.php\/wp-json\/wp\/v2\/media?parent=67650"}],"wp:term":[{"taxonomy":"product_brand","embeddable":true,"href":"https:\/\/abinox-chr-clim.com\/index.php\/wp-json\/wp\/v2\/product_brand?post=67650"},{"taxonomy":"product_cat","embeddable":true,"href":"https:\/\/abinox-chr-clim.com\/index.php\/wp-json\/wp\/v2\/product_cat?post=67650"},{"taxonomy":"product_tag","embeddable":true,"href":"https:\/\/abinox-chr-clim.com\/index.php\/wp-json\/wp\/v2\/product_tag?post=67650"}],"curies":[{"name":"wp","href":"https:\/\/api.w.org\/{rel}","templated":true}]}}