{"id":67648,"date":"2024-03-22T15:57:11","date_gmt":"2024-03-22T14:57:11","guid":{"rendered":"https:\/\/abinox-chr-clim.com\/index.php\/product\/tourtieres-individuelles-exoglass-matfer-bourgeat-100mm-lot-de-12\/"},"modified":"2026-04-02T08:42:32","modified_gmt":"2026-04-02T06:42:32","slug":"tourtieres-individuelles-exoglass-matfer-bourgeat-100mm-lot-de-12","status":"publish","type":"product","link":"https:\/\/abinox-chr-clim.com\/index.php\/product\/tourtieres-individuelles-exoglass-matfer-bourgeat-100mm-lot-de-12\/","title":{"rendered":"Tourti\u00e8res individuelles Exoglass Matfer Bourgeat 100mm (lot de 12)"},"content":{"rendered":"<p>Exoglass. R\u00e9siste \u00e0 des temp\u00e9ratures de 20\u00b0 \u00e0 250\u00b0. 100 mm de diam\u00e8tre.<br \/>Tr\u00e8s r\u00e9sistante. Parfait pour des portions individuelles. Tr\u00e8s r\u00e9sistante.<\/p>\n<p>Caract\u00e9ristiques :<br \/>Lot : 12.<br \/> Dimensions : 30(H) x 100(\u00d8) mm.<br \/> Mati\u00e8re : Exoglass<\/p>\n","protected":false},"excerpt":{"rendered":"<p>Tourti\u00e8res individuelles Exoglass Matfer Bourgeat 100mm (lot de 12)<\/p>\n","protected":false},"featured_media":91925,"comment_status":"closed","ping_status":"closed","template":"","meta":[],"product_brand":[],"product_cat":[1064,1091,1297,1087],"product_tag":[],"class_list":{"0":"post-67648","1":"product","2":"type-product","3":"status-publish","4":"has-post-thumbnail","6":"product_cat-cuisine","7":"product_cat-moules-a-gateaux","8":"product_cat-non-palettisable","9":"product_cat-patisserie","10":"product_shipping_class-free-shipping","12":"first","13":"instock","14":"featured","15":"taxable","16":"shipping-taxable","17":"purchasable","18":"product-type-simple"},"_links":{"self":[{"href":"https:\/\/abinox-chr-clim.com\/index.php\/wp-json\/wp\/v2\/product\/67648","targetHints":{"allow":["GET"]}}],"collection":[{"href":"https:\/\/abinox-chr-clim.com\/index.php\/wp-json\/wp\/v2\/product"}],"about":[{"href":"https:\/\/abinox-chr-clim.com\/index.php\/wp-json\/wp\/v2\/types\/product"}],"replies":[{"embeddable":true,"href":"https:\/\/abinox-chr-clim.com\/index.php\/wp-json\/wp\/v2\/comments?post=67648"}],"wp:featuredmedia":[{"embeddable":true,"href":"https:\/\/abinox-chr-clim.com\/index.php\/wp-json\/wp\/v2\/media\/91925"}],"wp:attachment":[{"href":"https:\/\/abinox-chr-clim.com\/index.php\/wp-json\/wp\/v2\/media?parent=67648"}],"wp:term":[{"taxonomy":"product_brand","embeddable":true,"href":"https:\/\/abinox-chr-clim.com\/index.php\/wp-json\/wp\/v2\/product_brand?post=67648"},{"taxonomy":"product_cat","embeddable":true,"href":"https:\/\/abinox-chr-clim.com\/index.php\/wp-json\/wp\/v2\/product_cat?post=67648"},{"taxonomy":"product_tag","embeddable":true,"href":"https:\/\/abinox-chr-clim.com\/index.php\/wp-json\/wp\/v2\/product_tag?post=67648"}],"curies":[{"name":"wp","href":"https:\/\/api.w.org\/{rel}","templated":true}]}}