{"id":67647,"date":"2024-03-22T15:57:11","date_gmt":"2024-03-22T14:57:11","guid":{"rendered":"https:\/\/abinox-chr-clim.com\/index.php\/product\/moule-a-gateau-antiadhesif-circulon-245mm\/"},"modified":"2026-04-02T10:04:05","modified_gmt":"2026-04-02T08:04:05","slug":"moule-a-gateau-antiadhesif-circulon-245mm","status":"publish","type":"product","link":"https:\/\/abinox-chr-clim.com\/index.php\/product\/moule-a-gateau-antiadhesif-circulon-245mm\/","title":{"rendered":"Moule \u00e0 G\u00e2teau Antiadh\u00e9sif Circulon 245mm"},"content":{"rendered":"<p>Poss\u00e8de un rev\u00eatement antiadh\u00e9sif Total\u00ae et une charni\u00e8re pour d\u00e9mouler facilement vos p\u00e2tisseries.<br \/>Le syst\u00e8me antiadh\u00e9sif Total\u00ae permet de retirer les g\u00e2teaux sans coller. Performances de cuisson uniformes. Compatible lave-vaisselle. Facile \u00e0 nettoyer. Le m\u00e9canisme \u00e0 ressort assure un retrait facile des g\u00e2teaux. L&rsquo;acier au carbone est suffisamment durable pour r\u00e9sister \u00e0 l&rsquo;usure dans les cuisines commerciales. Passe au four\u00a0: 230\u00b0C\/450\u00b0F\/Gaz Mark 9. Une r\u00e9partition homog\u00e8ne de la chaleur garantit d&rsquo;excellentes performances de cuisson. Passe au lave-vaisselle pour un nettoyage rapide et facile. Couvert par notre garantie \u00e0 vie sans tracas. Sans PFOA, plomb et cadmium. Le syst\u00e8me antiadh\u00e9sif Total\u00ae permet de retirer les g\u00e2teaux sans coller.<\/p>\n<p>Caract\u00e9ristiques :<br \/> Dimensions : 75(H) x 245(\u00d8) mm.<br \/> Mati\u00e8re : Acier au carbone.<br \/> Couleur : Noir.<\/p>\n","protected":false},"excerpt":{"rendered":"<p>Moule \u00e0 G\u00e2teau Antiadh\u00e9sif Circulon 245mm<\/p>\n","protected":false},"featured_media":90366,"comment_status":"closed","ping_status":"closed","template":"","meta":[],"product_brand":[],"product_cat":[1064,1091,1297,1087],"product_tag":[],"class_list":{"0":"post-67647","1":"product","2":"type-product","3":"status-publish","4":"has-post-thumbnail","6":"product_cat-cuisine","7":"product_cat-moules-a-gateaux","8":"product_cat-non-palettisable","9":"product_cat-patisserie","10":"product_shipping_class-free-shipping","12":"first","13":"instock","14":"featured","15":"taxable","16":"shipping-taxable","17":"purchasable","18":"product-type-simple"},"_links":{"self":[{"href":"https:\/\/abinox-chr-clim.com\/index.php\/wp-json\/wp\/v2\/product\/67647","targetHints":{"allow":["GET"]}}],"collection":[{"href":"https:\/\/abinox-chr-clim.com\/index.php\/wp-json\/wp\/v2\/product"}],"about":[{"href":"https:\/\/abinox-chr-clim.com\/index.php\/wp-json\/wp\/v2\/types\/product"}],"replies":[{"embeddable":true,"href":"https:\/\/abinox-chr-clim.com\/index.php\/wp-json\/wp\/v2\/comments?post=67647"}],"wp:featuredmedia":[{"embeddable":true,"href":"https:\/\/abinox-chr-clim.com\/index.php\/wp-json\/wp\/v2\/media\/90366"}],"wp:attachment":[{"href":"https:\/\/abinox-chr-clim.com\/index.php\/wp-json\/wp\/v2\/media?parent=67647"}],"wp:term":[{"taxonomy":"product_brand","embeddable":true,"href":"https:\/\/abinox-chr-clim.com\/index.php\/wp-json\/wp\/v2\/product_brand?post=67647"},{"taxonomy":"product_cat","embeddable":true,"href":"https:\/\/abinox-chr-clim.com\/index.php\/wp-json\/wp\/v2\/product_cat?post=67647"},{"taxonomy":"product_tag","embeddable":true,"href":"https:\/\/abinox-chr-clim.com\/index.php\/wp-json\/wp\/v2\/product_tag?post=67647"}],"curies":[{"name":"wp","href":"https:\/\/api.w.org\/{rel}","templated":true}]}}