{"id":67646,"date":"2024-03-22T15:57:10","date_gmt":"2024-03-22T14:57:10","guid":{"rendered":"https:\/\/abinox-chr-clim.com\/index.php\/product\/moule-a-muffins-en-acier-au-carbone-circulon-12-tasses\/"},"modified":"2025-08-26T13:58:08","modified_gmt":"2025-08-26T11:58:08","slug":"moule-a-muffins-en-acier-au-carbone-circulon-12-tasses","status":"publish","type":"product","link":"https:\/\/abinox-chr-clim.com\/index.php\/product\/moule-a-muffins-en-acier-au-carbone-circulon-12-tasses\/","title":{"rendered":"Moule \u00e0 muffins en acier au carbone Circulon 12 tasses"},"content":{"rendered":"<p>Le syst\u00e8me antiadh\u00e9sif Total offre un r\u00e9sultat de cuisson uniforme et permet un d\u00e9moulage rapide et facile. Moules \u00e0 fond textur\u00e9. 35(H) x 395(L) x 280(P) mm.<br \/>Syst\u00e8me antiadh\u00e9sif Total\u00ae. Performances de cuisson uniformes. Lave-vaisselle. Facile \u00e0 nettoyer. Couvert par notre garantie \u00e0 vie sans tracas. Sans PFOA, plomb et cadmium. Passe au four : 230 \u00b0C\/450 \u00b0F\/gaz Mark 13.Les trous pour muffins mesurent 70(\u00d8) x 30(D)mm chacun.Syst\u00e8me antiadh\u00e9sif Total\u00ae.<\/p>\n<p>Caract\u00e9ristiques :<br \/> Dimensions : 35(H) x 395(L) x 280(P) mm.<br \/> Mati\u00e8re : Acier au carbone.<br \/> Couleur : Argent.<\/p>\n","protected":false},"excerpt":{"rendered":"<p>Moule \u00e0 muffins en acier au carbone Circulon 12 tasses<\/p>\n","protected":false},"featured_media":90372,"comment_status":"closed","ping_status":"closed","template":"","meta":[],"product_brand":[],"product_cat":[1064,1091,1297,1087],"product_tag":[],"class_list":{"0":"post-67646","1":"product","2":"type-product","3":"status-publish","4":"has-post-thumbnail","6":"product_cat-cuisine","7":"product_cat-moules-a-gateaux","8":"product_cat-non-palettisable","9":"product_cat-patisserie","10":"product_shipping_class-free-shipping","12":"first","13":"outofstock","14":"featured","15":"taxable","16":"shipping-taxable","17":"purchasable","18":"product-type-simple"},"_links":{"self":[{"href":"https:\/\/abinox-chr-clim.com\/index.php\/wp-json\/wp\/v2\/product\/67646","targetHints":{"allow":["GET"]}}],"collection":[{"href":"https:\/\/abinox-chr-clim.com\/index.php\/wp-json\/wp\/v2\/product"}],"about":[{"href":"https:\/\/abinox-chr-clim.com\/index.php\/wp-json\/wp\/v2\/types\/product"}],"replies":[{"embeddable":true,"href":"https:\/\/abinox-chr-clim.com\/index.php\/wp-json\/wp\/v2\/comments?post=67646"}],"wp:featuredmedia":[{"embeddable":true,"href":"https:\/\/abinox-chr-clim.com\/index.php\/wp-json\/wp\/v2\/media\/90372"}],"wp:attachment":[{"href":"https:\/\/abinox-chr-clim.com\/index.php\/wp-json\/wp\/v2\/media?parent=67646"}],"wp:term":[{"taxonomy":"product_brand","embeddable":true,"href":"https:\/\/abinox-chr-clim.com\/index.php\/wp-json\/wp\/v2\/product_brand?post=67646"},{"taxonomy":"product_cat","embeddable":true,"href":"https:\/\/abinox-chr-clim.com\/index.php\/wp-json\/wp\/v2\/product_cat?post=67646"},{"taxonomy":"product_tag","embeddable":true,"href":"https:\/\/abinox-chr-clim.com\/index.php\/wp-json\/wp\/v2\/product_tag?post=67646"}],"curies":[{"name":"wp","href":"https:\/\/api.w.org\/{rel}","templated":true}]}}