{"id":67642,"date":"2024-03-22T15:57:09","date_gmt":"2024-03-22T14:57:09","guid":{"rendered":"https:\/\/abinox-chr-clim.com\/index.php\/product\/ramequins-blancs-utopia-titan-65mm-lot-de-12\/"},"modified":"2026-04-02T10:11:18","modified_gmt":"2026-04-02T08:11:18","slug":"ramequins-blancs-utopia-titan-65mm-lot-de-12","status":"publish","type":"product","link":"https:\/\/abinox-chr-clim.com\/index.php\/product\/ramequins-blancs-utopia-titan-65mm-lot-de-12\/","title":{"rendered":"Ramequins blancs Utopia Titan 65mm (lot de 12)"},"content":{"rendered":"<p>Produit \u00e0 partir des meilleures mati\u00e8res premi\u00e8res. Conforme \u00e0 la norme britannique sur les articles h\u00f4teliers BS4034.Passe au micro-ondes et au lave-vaisselle. R\u00e9siste au marquage m\u00e9tallique. De la marque sp\u00e9cialis\u00e9e en arts de la table Utopia.  Produit \u00e0 partir des meilleures mati\u00e8res premi\u00e8res.<\/p>\n<p>Caract\u00e9ristiques :<br \/>Lot : 12.<br \/> Capacit\u00e9 : 70 ml.<br \/> Dimensions : 35(H) x 65(\u00d8) mm.<br \/> Mati\u00e8re : Porcelaine.<br \/> Couleur : Blanc.<\/p>\n","protected":false},"excerpt":{"rendered":"<p>Ramequins blancs Utopia Titan 65mm (lot de 12)<\/p>\n","protected":false},"featured_media":90818,"comment_status":"closed","ping_status":"closed","template":"","meta":[],"product_brand":[],"product_cat":[1064,1091,1297,1087],"product_tag":[],"class_list":{"0":"post-67642","1":"product","2":"type-product","3":"status-publish","4":"has-post-thumbnail","6":"product_cat-cuisine","7":"product_cat-moules-a-gateaux","8":"product_cat-non-palettisable","9":"product_cat-patisserie","10":"product_shipping_class-free-shipping","12":"first","13":"outofstock","14":"featured","15":"taxable","16":"shipping-taxable","17":"purchasable","18":"product-type-simple"},"_links":{"self":[{"href":"https:\/\/abinox-chr-clim.com\/index.php\/wp-json\/wp\/v2\/product\/67642","targetHints":{"allow":["GET"]}}],"collection":[{"href":"https:\/\/abinox-chr-clim.com\/index.php\/wp-json\/wp\/v2\/product"}],"about":[{"href":"https:\/\/abinox-chr-clim.com\/index.php\/wp-json\/wp\/v2\/types\/product"}],"replies":[{"embeddable":true,"href":"https:\/\/abinox-chr-clim.com\/index.php\/wp-json\/wp\/v2\/comments?post=67642"}],"wp:featuredmedia":[{"embeddable":true,"href":"https:\/\/abinox-chr-clim.com\/index.php\/wp-json\/wp\/v2\/media\/90818"}],"wp:attachment":[{"href":"https:\/\/abinox-chr-clim.com\/index.php\/wp-json\/wp\/v2\/media?parent=67642"}],"wp:term":[{"taxonomy":"product_brand","embeddable":true,"href":"https:\/\/abinox-chr-clim.com\/index.php\/wp-json\/wp\/v2\/product_brand?post=67642"},{"taxonomy":"product_cat","embeddable":true,"href":"https:\/\/abinox-chr-clim.com\/index.php\/wp-json\/wp\/v2\/product_cat?post=67642"},{"taxonomy":"product_tag","embeddable":true,"href":"https:\/\/abinox-chr-clim.com\/index.php\/wp-json\/wp\/v2\/product_tag?post=67642"}],"curies":[{"name":"wp","href":"https:\/\/api.w.org\/{rel}","templated":true}]}}