{"id":67638,"date":"2024-03-22T15:57:07","date_gmt":"2024-03-22T14:57:07","guid":{"rendered":"https:\/\/abinox-chr-clim.com\/index.php\/product\/moules-a-quiche-exoglass-matfer-bourgeat-100mm-lot-de-12\/"},"modified":"2026-04-02T10:00:51","modified_gmt":"2026-04-02T08:00:51","slug":"moules-a-quiche-exoglass-matfer-bourgeat-100mm-lot-de-12","status":"publish","type":"product","link":"https:\/\/abinox-chr-clim.com\/index.php\/product\/moules-a-quiche-exoglass-matfer-bourgeat-100mm-lot-de-12\/","title":{"rendered":"Moules \u00e0 quiche Exoglass Matfer Bourgeat 100mm (lot de 12)"},"content":{"rendered":"<p>Moule antiadh\u00e9sif robuste et ind\u00e9formable, supportant de grandes temp\u00e9ratures.<br \/>Solides et robustes, ces moules fabriqu\u00e9s en exoglass ne se d\u00e9forment pas.Moules antiadh\u00e9sifs ne n\u00e9cessitant pas forc\u00e9ment de graissage. Toutefois, nous vous recommandons de les graisser l\u00e9g\u00e8rement pour ajouter de la saveur et de la couleur \u00e0 la p\u00e2te. Peuvent \u00eatre utilis\u00e9s directement du cong\u00e9lateur au four. Adapt\u00e9s \u00e0 une cuisson sur plaque ou grille. Polyvalents, pour tartes sal\u00e9es et sucr\u00e9es. Faciles \u00e0 nettoyer, lavage \u00e0 la main et au lave-vaisselle. Les moules en exoglass pr\u00e9sentent l&rsquo;avantage d&rsquo;une faible inertie \u00e0 la chaleur. Ils peuvent \u00eatre manipul\u00e9s sans danger quelques secondes apr\u00e8s leur sortie du four. Tenue parfaite.Solides et robustes, ces moules fabriqu\u00e9s en exoglass ne se d\u00e9forment pas.<\/p>\n<p>Caract\u00e9ristiques :<br \/> Dimensions : 20(H) x 100(\u00d8) mm.<br \/> Mati\u00e8re : Exoglass.<br \/> Couleur : Noir.<\/p>\n","protected":false},"excerpt":{"rendered":"<p>Moules \u00e0 quiche Exoglass Matfer Bourgeat 100mm (lot de 12)<\/p>\n","protected":false},"featured_media":90854,"comment_status":"closed","ping_status":"closed","template":"","meta":[],"product_brand":[],"product_cat":[1064,1091,1297,1087],"product_tag":[],"class_list":{"0":"post-67638","1":"product","2":"type-product","3":"status-publish","4":"has-post-thumbnail","6":"product_cat-cuisine","7":"product_cat-moules-a-gateaux","8":"product_cat-non-palettisable","9":"product_cat-patisserie","10":"product_shipping_class-free-shipping","12":"first","13":"instock","14":"featured","15":"taxable","16":"shipping-taxable","17":"purchasable","18":"product-type-simple"},"_links":{"self":[{"href":"https:\/\/abinox-chr-clim.com\/index.php\/wp-json\/wp\/v2\/product\/67638","targetHints":{"allow":["GET"]}}],"collection":[{"href":"https:\/\/abinox-chr-clim.com\/index.php\/wp-json\/wp\/v2\/product"}],"about":[{"href":"https:\/\/abinox-chr-clim.com\/index.php\/wp-json\/wp\/v2\/types\/product"}],"replies":[{"embeddable":true,"href":"https:\/\/abinox-chr-clim.com\/index.php\/wp-json\/wp\/v2\/comments?post=67638"}],"wp:featuredmedia":[{"embeddable":true,"href":"https:\/\/abinox-chr-clim.com\/index.php\/wp-json\/wp\/v2\/media\/90854"}],"wp:attachment":[{"href":"https:\/\/abinox-chr-clim.com\/index.php\/wp-json\/wp\/v2\/media?parent=67638"}],"wp:term":[{"taxonomy":"product_brand","embeddable":true,"href":"https:\/\/abinox-chr-clim.com\/index.php\/wp-json\/wp\/v2\/product_brand?post=67638"},{"taxonomy":"product_cat","embeddable":true,"href":"https:\/\/abinox-chr-clim.com\/index.php\/wp-json\/wp\/v2\/product_cat?post=67638"},{"taxonomy":"product_tag","embeddable":true,"href":"https:\/\/abinox-chr-clim.com\/index.php\/wp-json\/wp\/v2\/product_tag?post=67638"}],"curies":[{"name":"wp","href":"https:\/\/api.w.org\/{rel}","templated":true}]}}