{"id":67637,"date":"2024-03-22T15:57:07","date_gmt":"2024-03-22T14:57:07","guid":{"rendered":"https:\/\/abinox-chr-clim.com\/index.php\/product\/moule-carre-flexible-en-silicone-vogue-245mm\/"},"modified":"2026-04-02T09:33:59","modified_gmt":"2026-04-02T07:33:59","slug":"moule-carre-flexible-en-silicone-vogue-245mm","status":"publish","type":"product","link":"https:\/\/abinox-chr-clim.com\/index.php\/product\/moule-carre-flexible-en-silicone-vogue-245mm\/","title":{"rendered":"Moule carr\u00e9 flexible en silicone Vogue 245mm"},"content":{"rendered":"<p>Tr\u00e8s r\u00e9sistant \u00e0 la chaleur &#8211; convient pour des temp\u00e9ratures allant jusqu&rsquo;\u00e0 260\u00b0C. R\u00e9sistant aux taches &#8211; facile \u00e0 nettoyer dans un lave-vaisselle. La flexibilit\u00e9 permet de retirer facilement les aliments cuits. La flexibilit\u00e9 facilite \u00e9galement le rangement lorsqu&rsquo;elle n&rsquo;est pas utilis\u00e9e. Convient pour le r\u00e9frig\u00e9rateur, le cong\u00e9lateur et le four \u00e0 micro-ondes &#8211; conservez et r\u00e9chauffez sans changer de plat.  Tr\u00e8s r\u00e9sistant \u00e0 la chaleur &#8211; convient pour des temp\u00e9ratures allant jusqu&rsquo;\u00e0 260\u00b0C.<\/p>\n<p>Caract\u00e9ristiques :<br \/> Dimensions : 55(H) x 245(L) x 245(P) mm.<br \/> Mati\u00e8re : Silicone.<br \/> Couleur : Gris.<\/p>\n","protected":false},"excerpt":{"rendered":"<p>Moule carr\u00e9 flexible en silicone Vogue 245mm<\/p>\n","protected":false},"featured_media":87748,"comment_status":"closed","ping_status":"closed","template":"","meta":[],"product_brand":[],"product_cat":[1064,1091,1297,1087],"product_tag":[],"class_list":{"0":"post-67637","1":"product","2":"type-product","3":"status-publish","4":"has-post-thumbnail","6":"product_cat-cuisine","7":"product_cat-moules-a-gateaux","8":"product_cat-non-palettisable","9":"product_cat-patisserie","10":"product_shipping_class-free-shipping","12":"first","13":"outofstock","14":"featured","15":"taxable","16":"shipping-taxable","17":"purchasable","18":"product-type-simple"},"_links":{"self":[{"href":"https:\/\/abinox-chr-clim.com\/index.php\/wp-json\/wp\/v2\/product\/67637","targetHints":{"allow":["GET"]}}],"collection":[{"href":"https:\/\/abinox-chr-clim.com\/index.php\/wp-json\/wp\/v2\/product"}],"about":[{"href":"https:\/\/abinox-chr-clim.com\/index.php\/wp-json\/wp\/v2\/types\/product"}],"replies":[{"embeddable":true,"href":"https:\/\/abinox-chr-clim.com\/index.php\/wp-json\/wp\/v2\/comments?post=67637"}],"wp:featuredmedia":[{"embeddable":true,"href":"https:\/\/abinox-chr-clim.com\/index.php\/wp-json\/wp\/v2\/media\/87748"}],"wp:attachment":[{"href":"https:\/\/abinox-chr-clim.com\/index.php\/wp-json\/wp\/v2\/media?parent=67637"}],"wp:term":[{"taxonomy":"product_brand","embeddable":true,"href":"https:\/\/abinox-chr-clim.com\/index.php\/wp-json\/wp\/v2\/product_brand?post=67637"},{"taxonomy":"product_cat","embeddable":true,"href":"https:\/\/abinox-chr-clim.com\/index.php\/wp-json\/wp\/v2\/product_cat?post=67637"},{"taxonomy":"product_tag","embeddable":true,"href":"https:\/\/abinox-chr-clim.com\/index.php\/wp-json\/wp\/v2\/product_tag?post=67637"}],"curies":[{"name":"wp","href":"https:\/\/api.w.org\/{rel}","templated":true}]}}