{"id":67636,"date":"2024-03-22T15:57:07","date_gmt":"2024-03-22T14:57:07","guid":{"rendered":"https:\/\/abinox-chr-clim.com\/index.php\/product\/moule-a-cake-flexible-en-silicone-vogue\/"},"modified":"2026-04-02T09:33:55","modified_gmt":"2026-04-02T07:33:55","slug":"moule-a-cake-flexible-en-silicone-vogue","status":"publish","type":"product","link":"https:\/\/abinox-chr-clim.com\/index.php\/product\/moule-a-cake-flexible-en-silicone-vogue\/","title":{"rendered":"Moule \u00e0 cake flexible en silicone Vogue"},"content":{"rendered":"<p>58(H) x 137(L) x 250(P)mm, int : 112(L) x 204(P)mm.<br \/>Le silicone est flexible. Passe au lave-vaisselle pour un nettoyage rapide. Durable pour une utilisation commerciale. R\u00e9sistant \u00e0 la chaleur jusqu&rsquo;\u00e0 260\u00b0C pour une utilisation au four. R\u00e9siste aux taches pour conserver son aspect neuf.  Le silicone est flexible.<\/p>\n<p>Caract\u00e9ristiques :<br \/> Dimensions : 60(H) x 130(L) x 255(P) mm.<br \/> Mati\u00e8re : Silicone.<br \/> Couleur : Gris.<\/p>\n","protected":false},"excerpt":{"rendered":"<p>Moule \u00e0 cake flexible en silicone Vogue<\/p>\n","protected":false},"featured_media":87778,"comment_status":"closed","ping_status":"closed","template":"","meta":[],"product_brand":[],"product_cat":[1064,1091,1297,1087],"product_tag":[],"class_list":{"0":"post-67636","1":"product","2":"type-product","3":"status-publish","4":"has-post-thumbnail","6":"product_cat-cuisine","7":"product_cat-moules-a-gateaux","8":"product_cat-non-palettisable","9":"product_cat-patisserie","10":"product_shipping_class-free-shipping","12":"first","13":"instock","14":"featured","15":"taxable","16":"shipping-taxable","17":"purchasable","18":"product-type-simple"},"_links":{"self":[{"href":"https:\/\/abinox-chr-clim.com\/index.php\/wp-json\/wp\/v2\/product\/67636","targetHints":{"allow":["GET"]}}],"collection":[{"href":"https:\/\/abinox-chr-clim.com\/index.php\/wp-json\/wp\/v2\/product"}],"about":[{"href":"https:\/\/abinox-chr-clim.com\/index.php\/wp-json\/wp\/v2\/types\/product"}],"replies":[{"embeddable":true,"href":"https:\/\/abinox-chr-clim.com\/index.php\/wp-json\/wp\/v2\/comments?post=67636"}],"wp:featuredmedia":[{"embeddable":true,"href":"https:\/\/abinox-chr-clim.com\/index.php\/wp-json\/wp\/v2\/media\/87778"}],"wp:attachment":[{"href":"https:\/\/abinox-chr-clim.com\/index.php\/wp-json\/wp\/v2\/media?parent=67636"}],"wp:term":[{"taxonomy":"product_brand","embeddable":true,"href":"https:\/\/abinox-chr-clim.com\/index.php\/wp-json\/wp\/v2\/product_brand?post=67636"},{"taxonomy":"product_cat","embeddable":true,"href":"https:\/\/abinox-chr-clim.com\/index.php\/wp-json\/wp\/v2\/product_cat?post=67636"},{"taxonomy":"product_tag","embeddable":true,"href":"https:\/\/abinox-chr-clim.com\/index.php\/wp-json\/wp\/v2\/product_tag?post=67636"}],"curies":[{"name":"wp","href":"https:\/\/api.w.org\/{rel}","templated":true}]}}