{"id":67634,"date":"2024-03-22T15:57:06","date_gmt":"2024-03-22T14:57:06","guid":{"rendered":"https:\/\/abinox-chr-clim.com\/index.php\/product\/moule-a-tarte-rectangulaire-antiadhesif-avec-fond-amovible-de-buyer-36cm\/"},"modified":"2026-04-02T09:41:20","modified_gmt":"2026-04-02T07:41:20","slug":"moule-a-tarte-rectangulaire-antiadhesif-avec-fond-amovible-de-buyer-36cm","status":"publish","type":"product","link":"https:\/\/abinox-chr-clim.com\/index.php\/product\/moule-a-tarte-rectangulaire-antiadhesif-avec-fond-amovible-de-buyer-36cm\/","title":{"rendered":"Moule \u00e0 tarte rectangulaire antiadh\u00e9sif avec fond amovible De Buyer 36cm"},"content":{"rendered":"<p>Fond amovible pour faciliter le d\u00e9moulage. Rev\u00eatement antiadh\u00e9sif.<br \/>Graisser le moule avant utilisation. Cuisson traditionnelle au four (220\u00b0C max.). Ne pas mettre au micro-ondes. Ne passe pas au lave-vaisselle. Ne pas utiliser d&rsquo;objets m\u00e9talliques dans le moule. Fabriqu\u00e9 en France.  Graisser le moule avant utilisation.<\/p>\n<p>Caract\u00e9ristiques :<br \/> Dimensions : 30(H) x 102(L) x 356(P) mm.<br \/> Mati\u00e8re : Acier antiadh\u00e9sif.<br \/> Couleur : Noir.<\/p>\n","protected":false},"excerpt":{"rendered":"<p>Moule \u00e0 tarte rectangulaire antiadh\u00e9sif avec fond amovible De Buyer 36cm<\/p>\n","protected":false},"featured_media":88710,"comment_status":"closed","ping_status":"closed","template":"","meta":[],"product_brand":[],"product_cat":[1064,1091,1297,1087],"product_tag":[],"class_list":{"0":"post-67634","1":"product","2":"type-product","3":"status-publish","4":"has-post-thumbnail","6":"product_cat-cuisine","7":"product_cat-moules-a-gateaux","8":"product_cat-non-palettisable","9":"product_cat-patisserie","10":"product_shipping_class-free-shipping","12":"first","13":"outofstock","14":"featured","15":"taxable","16":"shipping-taxable","17":"purchasable","18":"product-type-simple"},"_links":{"self":[{"href":"https:\/\/abinox-chr-clim.com\/index.php\/wp-json\/wp\/v2\/product\/67634","targetHints":{"allow":["GET"]}}],"collection":[{"href":"https:\/\/abinox-chr-clim.com\/index.php\/wp-json\/wp\/v2\/product"}],"about":[{"href":"https:\/\/abinox-chr-clim.com\/index.php\/wp-json\/wp\/v2\/types\/product"}],"replies":[{"embeddable":true,"href":"https:\/\/abinox-chr-clim.com\/index.php\/wp-json\/wp\/v2\/comments?post=67634"}],"wp:featuredmedia":[{"embeddable":true,"href":"https:\/\/abinox-chr-clim.com\/index.php\/wp-json\/wp\/v2\/media\/88710"}],"wp:attachment":[{"href":"https:\/\/abinox-chr-clim.com\/index.php\/wp-json\/wp\/v2\/media?parent=67634"}],"wp:term":[{"taxonomy":"product_brand","embeddable":true,"href":"https:\/\/abinox-chr-clim.com\/index.php\/wp-json\/wp\/v2\/product_brand?post=67634"},{"taxonomy":"product_cat","embeddable":true,"href":"https:\/\/abinox-chr-clim.com\/index.php\/wp-json\/wp\/v2\/product_cat?post=67634"},{"taxonomy":"product_tag","embeddable":true,"href":"https:\/\/abinox-chr-clim.com\/index.php\/wp-json\/wp\/v2\/product_tag?post=67634"}],"curies":[{"name":"wp","href":"https:\/\/api.w.org\/{rel}","templated":true}]}}