{"id":67631,"date":"2024-03-22T15:57:05","date_gmt":"2024-03-22T14:57:05","guid":{"rendered":"https:\/\/abinox-chr-clim.com\/index.php\/product\/moule-6-muffins-flexible-en-silicone-hygiplas-violet\/"},"modified":"2025-11-11T10:26:45","modified_gmt":"2025-11-11T09:26:45","slug":"moule-6-muffins-flexible-en-silicone-hygiplas-violet","status":"publish","type":"product","link":"https:\/\/abinox-chr-clim.com\/index.php\/product\/moule-6-muffins-flexible-en-silicone-hygiplas-violet\/","title":{"rendered":"Moule 6 muffins flexible en silicone Hygiplas violet"},"content":{"rendered":"<p>\u00c0 utiliser avec des aliments allerg\u00e8nes dans le cadre d\u00bfune configuration \u00e0 code couleur. R\u00e9sistant \u00e0 la chaleur jusqu&rsquo;\u00e0 une temp\u00e9rature de 260\u00b0C. Fabriqu\u00e9 \u00e0 partir de silicone r\u00e9sistant. R\u00e9sistant aux taches et passe au lave-vaisselle pour un nettoyage facile.<br \/>Code couleur violet &#8211; allerg\u00e8nes.Passe au lave-vaisselle pour un nettoyage facile. R\u00e9sistant aux taches. R\u00e9sistant \u00e0 la chaleur jusqu&rsquo;\u00e0 260\u00b0C pour une utilisation au four. Fabriqu\u00e9 \u00e0 partir de silicone, offrant flexibilit\u00e9 et durabilit\u00e9. 6 godets pour r\u00e9aliser 6 muffins.Code couleur violet &#8211; allerg\u00e8nes.<\/p>\n<p>Caract\u00e9ristiques :<br \/> Mati\u00e8re : .<br \/> Couleur : Violet.<\/p>\n","protected":false},"excerpt":{"rendered":"<p>Moule 6 muffins flexible en silicone Hygiplas violet<\/p>\n","protected":false},"featured_media":105174,"comment_status":"closed","ping_status":"closed","template":"","meta":[],"product_brand":[],"product_cat":[1064,1091,1297,1087],"product_tag":[],"class_list":{"0":"post-67631","1":"product","2":"type-product","3":"status-publish","4":"has-post-thumbnail","6":"product_cat-cuisine","7":"product_cat-moules-a-gateaux","8":"product_cat-non-palettisable","9":"product_cat-patisserie","10":"product_shipping_class-free-shipping","12":"first","13":"outofstock","14":"featured","15":"taxable","16":"shipping-taxable","17":"purchasable","18":"product-type-simple"},"_links":{"self":[{"href":"https:\/\/abinox-chr-clim.com\/index.php\/wp-json\/wp\/v2\/product\/67631","targetHints":{"allow":["GET"]}}],"collection":[{"href":"https:\/\/abinox-chr-clim.com\/index.php\/wp-json\/wp\/v2\/product"}],"about":[{"href":"https:\/\/abinox-chr-clim.com\/index.php\/wp-json\/wp\/v2\/types\/product"}],"replies":[{"embeddable":true,"href":"https:\/\/abinox-chr-clim.com\/index.php\/wp-json\/wp\/v2\/comments?post=67631"}],"wp:featuredmedia":[{"embeddable":true,"href":"https:\/\/abinox-chr-clim.com\/index.php\/wp-json\/wp\/v2\/media\/105174"}],"wp:attachment":[{"href":"https:\/\/abinox-chr-clim.com\/index.php\/wp-json\/wp\/v2\/media?parent=67631"}],"wp:term":[{"taxonomy":"product_brand","embeddable":true,"href":"https:\/\/abinox-chr-clim.com\/index.php\/wp-json\/wp\/v2\/product_brand?post=67631"},{"taxonomy":"product_cat","embeddable":true,"href":"https:\/\/abinox-chr-clim.com\/index.php\/wp-json\/wp\/v2\/product_cat?post=67631"},{"taxonomy":"product_tag","embeddable":true,"href":"https:\/\/abinox-chr-clim.com\/index.php\/wp-json\/wp\/v2\/product_tag?post=67631"}],"curies":[{"name":"wp","href":"https:\/\/api.w.org\/{rel}","templated":true}]}}