{"id":67629,"date":"2024-03-22T15:57:04","date_gmt":"2024-03-22T14:57:04","guid":{"rendered":"https:\/\/abinox-chr-clim.com\/index.php\/product\/moule-a-tartelette-cannele-antiadhesif-avec-fond-amovible-vogue-8-cm-x3\/"},"modified":"2026-04-02T09:41:18","modified_gmt":"2026-04-02T07:41:18","slug":"moule-a-tartelette-cannele-antiadhesif-avec-fond-amovible-vogue-8-cm-x3","status":"publish","type":"product","link":"https:\/\/abinox-chr-clim.com\/index.php\/product\/moule-a-tartelette-cannele-antiadhesif-avec-fond-amovible-vogue-8-cm-x3\/","title":{"rendered":"Moule \u00e0 tartelette cannel\u00e9 antiadh\u00e9sif avec fond amovible Vogue 8 cm (x3)"},"content":{"rendered":"<p>Acier carbone. Rev\u00eatement antiadh\u00e9sif de haute qualit\u00e9. Fond mobile. Bord cannel\u00e9. R\u00e9sistant et tr\u00e8s durable.  Acier carbone.<\/p>\n<p>Caract\u00e9ristiques :<br \/>Lot : 3.<br \/> Dimensions : 20(H) x 80(\u00d8) mm.<br \/> Mati\u00e8re : Acier au carbone<\/p>\n","protected":false},"excerpt":{"rendered":"<p>Moule \u00e0 tartelette cannel\u00e9 antiadh\u00e9sif avec fond amovible Vogue 8 cm (x3)<\/p>\n","protected":false},"featured_media":103133,"comment_status":"closed","ping_status":"closed","template":"","meta":[],"product_brand":[],"product_cat":[1064,1091,1297,1087],"product_tag":[],"class_list":{"0":"post-67629","1":"product","2":"type-product","3":"status-publish","4":"has-post-thumbnail","6":"product_cat-cuisine","7":"product_cat-moules-a-gateaux","8":"product_cat-non-palettisable","9":"product_cat-patisserie","10":"product_shipping_class-free-shipping","12":"first","13":"instock","14":"featured","15":"taxable","16":"shipping-taxable","17":"purchasable","18":"product-type-simple"},"_links":{"self":[{"href":"https:\/\/abinox-chr-clim.com\/index.php\/wp-json\/wp\/v2\/product\/67629","targetHints":{"allow":["GET"]}}],"collection":[{"href":"https:\/\/abinox-chr-clim.com\/index.php\/wp-json\/wp\/v2\/product"}],"about":[{"href":"https:\/\/abinox-chr-clim.com\/index.php\/wp-json\/wp\/v2\/types\/product"}],"replies":[{"embeddable":true,"href":"https:\/\/abinox-chr-clim.com\/index.php\/wp-json\/wp\/v2\/comments?post=67629"}],"wp:featuredmedia":[{"embeddable":true,"href":"https:\/\/abinox-chr-clim.com\/index.php\/wp-json\/wp\/v2\/media\/103133"}],"wp:attachment":[{"href":"https:\/\/abinox-chr-clim.com\/index.php\/wp-json\/wp\/v2\/media?parent=67629"}],"wp:term":[{"taxonomy":"product_brand","embeddable":true,"href":"https:\/\/abinox-chr-clim.com\/index.php\/wp-json\/wp\/v2\/product_brand?post=67629"},{"taxonomy":"product_cat","embeddable":true,"href":"https:\/\/abinox-chr-clim.com\/index.php\/wp-json\/wp\/v2\/product_cat?post=67629"},{"taxonomy":"product_tag","embeddable":true,"href":"https:\/\/abinox-chr-clim.com\/index.php\/wp-json\/wp\/v2\/product_tag?post=67629"}],"curies":[{"name":"wp","href":"https:\/\/api.w.org\/{rel}","templated":true}]}}