{"id":67628,"date":"2024-03-22T15:57:04","date_gmt":"2024-03-22T14:57:04","guid":{"rendered":"https:\/\/abinox-chr-clim.com\/index.php\/product\/moule-a-savarin-en-aluminium-schneider-240mm\/"},"modified":"2025-08-26T13:14:10","modified_gmt":"2025-08-26T11:14:10","slug":"moule-a-savarin-en-aluminium-schneider-240mm","status":"publish","type":"product","link":"https:\/\/abinox-chr-clim.com\/index.php\/product\/moule-a-savarin-en-aluminium-schneider-240mm\/","title":{"rendered":"Moule \u00e0 savarin en aluminium Schneider 240mm"},"content":{"rendered":"<p>Aluminium.<br \/>Bord roul\u00e9. Design en une seule pi\u00e8ce. Fond uni. Tr\u00e8s r\u00e9sistant \u00e0 l&rsquo;\u00e9caillage. Bord roul\u00e9.<\/p>\n<p>Caract\u00e9ristiques :<br \/> Dimensions : 80(H) x 240(\u00d8) mm.<br \/> Mati\u00e8re : Aluminium.<br \/> Couleur : Argent.<\/p>\n","protected":false},"excerpt":{"rendered":"<p>Moule \u00e0 savarin en aluminium Schneider 240mm<\/p>\n","protected":false},"featured_media":85701,"comment_status":"closed","ping_status":"closed","template":"","meta":[],"product_brand":[],"product_cat":[1064,1091,1297,1087],"product_tag":[],"class_list":{"0":"post-67628","1":"product","2":"type-product","3":"status-publish","4":"has-post-thumbnail","6":"product_cat-cuisine","7":"product_cat-moules-a-gateaux","8":"product_cat-non-palettisable","9":"product_cat-patisserie","10":"product_shipping_class-free-shipping","12":"first","13":"outofstock","14":"featured","15":"taxable","16":"shipping-taxable","17":"purchasable","18":"product-type-simple"},"_links":{"self":[{"href":"https:\/\/abinox-chr-clim.com\/index.php\/wp-json\/wp\/v2\/product\/67628","targetHints":{"allow":["GET"]}}],"collection":[{"href":"https:\/\/abinox-chr-clim.com\/index.php\/wp-json\/wp\/v2\/product"}],"about":[{"href":"https:\/\/abinox-chr-clim.com\/index.php\/wp-json\/wp\/v2\/types\/product"}],"replies":[{"embeddable":true,"href":"https:\/\/abinox-chr-clim.com\/index.php\/wp-json\/wp\/v2\/comments?post=67628"}],"wp:featuredmedia":[{"embeddable":true,"href":"https:\/\/abinox-chr-clim.com\/index.php\/wp-json\/wp\/v2\/media\/85701"}],"wp:attachment":[{"href":"https:\/\/abinox-chr-clim.com\/index.php\/wp-json\/wp\/v2\/media?parent=67628"}],"wp:term":[{"taxonomy":"product_brand","embeddable":true,"href":"https:\/\/abinox-chr-clim.com\/index.php\/wp-json\/wp\/v2\/product_brand?post=67628"},{"taxonomy":"product_cat","embeddable":true,"href":"https:\/\/abinox-chr-clim.com\/index.php\/wp-json\/wp\/v2\/product_cat?post=67628"},{"taxonomy":"product_tag","embeddable":true,"href":"https:\/\/abinox-chr-clim.com\/index.php\/wp-json\/wp\/v2\/product_tag?post=67628"}],"curies":[{"name":"wp","href":"https:\/\/api.w.org\/{rel}","templated":true}]}}