{"id":67627,"date":"2024-03-22T15:57:04","date_gmt":"2024-03-22T14:57:04","guid":{"rendered":"https:\/\/abinox-chr-clim.com\/index.php\/product\/moule-44-madeleines-en-silicone-pavoflex\/"},"modified":"2026-04-02T08:34:48","modified_gmt":"2026-04-02T06:34:48","slug":"moule-44-madeleines-en-silicone-pavoflex","status":"publish","type":"product","link":"https:\/\/abinox-chr-clim.com\/index.php\/product\/moule-44-madeleines-en-silicone-pavoflex\/","title":{"rendered":"Moule 44 madeleines en silicone Pavoflex"},"content":{"rendered":"<p>35ml. Plaque 18(H) x 78(L) x 45(P)mm.<\/p>\n<p>Caract\u00e9ristiques :<br \/> Capacit\u00e9 : 11,4 cl.<br \/> Dimensions : 18(H) x 78(L) x 45(P) mm.<br \/> Mati\u00e8re : Silicone.<br \/> Temp\u00e9rature : -40 degr\u00e9s Celsius \u00e0 +280 degr\u00e9s Celsius.<br \/> Couleur : Noir.<\/p>\n","protected":false},"excerpt":{"rendered":"<p>Moule 44 madeleines en silicone Pavoflex<\/p>\n","protected":false},"featured_media":102744,"comment_status":"closed","ping_status":"closed","template":"","meta":[],"product_brand":[],"product_cat":[1064,1091,1297,1087],"product_tag":[],"class_list":{"0":"post-67627","1":"product","2":"type-product","3":"status-publish","4":"has-post-thumbnail","6":"product_cat-cuisine","7":"product_cat-moules-a-gateaux","8":"product_cat-non-palettisable","9":"product_cat-patisserie","10":"product_shipping_class-free-shipping","12":"first","13":"instock","14":"featured","15":"taxable","16":"shipping-taxable","17":"purchasable","18":"product-type-simple"},"_links":{"self":[{"href":"https:\/\/abinox-chr-clim.com\/index.php\/wp-json\/wp\/v2\/product\/67627","targetHints":{"allow":["GET"]}}],"collection":[{"href":"https:\/\/abinox-chr-clim.com\/index.php\/wp-json\/wp\/v2\/product"}],"about":[{"href":"https:\/\/abinox-chr-clim.com\/index.php\/wp-json\/wp\/v2\/types\/product"}],"replies":[{"embeddable":true,"href":"https:\/\/abinox-chr-clim.com\/index.php\/wp-json\/wp\/v2\/comments?post=67627"}],"wp:featuredmedia":[{"embeddable":true,"href":"https:\/\/abinox-chr-clim.com\/index.php\/wp-json\/wp\/v2\/media\/102744"}],"wp:attachment":[{"href":"https:\/\/abinox-chr-clim.com\/index.php\/wp-json\/wp\/v2\/media?parent=67627"}],"wp:term":[{"taxonomy":"product_brand","embeddable":true,"href":"https:\/\/abinox-chr-clim.com\/index.php\/wp-json\/wp\/v2\/product_brand?post=67627"},{"taxonomy":"product_cat","embeddable":true,"href":"https:\/\/abinox-chr-clim.com\/index.php\/wp-json\/wp\/v2\/product_cat?post=67627"},{"taxonomy":"product_tag","embeddable":true,"href":"https:\/\/abinox-chr-clim.com\/index.php\/wp-json\/wp\/v2\/product_tag?post=67627"}],"curies":[{"name":"wp","href":"https:\/\/api.w.org\/{rel}","templated":true}]}}