{"id":67626,"date":"2024-03-22T15:57:03","date_gmt":"2024-03-22T14:57:03","guid":{"rendered":"https:\/\/abinox-chr-clim.com\/index.php\/product\/plats-de-cuisson-rectangulaires-churchill-counter-serve-533-x-165mm-lot-de-2\/"},"modified":"2026-04-02T09:18:11","modified_gmt":"2026-04-02T07:18:11","slug":"plats-de-cuisson-rectangulaires-churchill-counter-serve-533-x-165mm-lot-de-2","status":"publish","type":"product","link":"https:\/\/abinox-chr-clim.com\/index.php\/product\/plats-de-cuisson-rectangulaires-churchill-counter-serve-533-x-165mm-lot-de-2\/","title":{"rendered":"Plats de cuisson rectangulaires Churchill Counter-Serve 533 x 165mm (lot de 2)"},"content":{"rendered":"<p>Une collection prim\u00e9e d&rsquo;articles Counter-Serve, con\u00e7ue pour am\u00e9liorer l&rsquo;apparence des pr\u00e9sentations de comptoir chauds et froids. Toutes les pi\u00e8ces, \u00e0 l&rsquo;exception du CF770, sont empilables pour un rangement facile et toutes vont au cong\u00e9lateur, au four, au micro-ondes et au lave-vaisselle.<br \/>Couleur : Blanc. Forme : Rectangulaire. Passe au four, au micro-ondes et au lave-vaisselle. Empilable. Couleur : Blanc.<\/p>\n<p>Caract\u00e9ristiques :<br \/>Lot : 2.<br \/> Capacit\u00e9 : 1,75 L.<br \/> Dimensions : 533 x 165mm.<br \/> Mati\u00e8re : Porcelaine.<br \/> Couleur : Blanc.<\/p>\n","protected":false},"excerpt":{"rendered":"<p>Plats de cuisson rectangulaires Churchill Counter-Serve 533 x 165mm (lot de 2)<\/p>\n","protected":false},"featured_media":82063,"comment_status":"closed","ping_status":"closed","template":"","meta":[],"product_brand":[],"product_cat":[1064,1091,1297,1087],"product_tag":[],"class_list":{"0":"post-67626","1":"product","2":"type-product","3":"status-publish","4":"has-post-thumbnail","6":"product_cat-cuisine","7":"product_cat-moules-a-gateaux","8":"product_cat-non-palettisable","9":"product_cat-patisserie","10":"product_shipping_class-free-shipping","12":"first","13":"outofstock","14":"featured","15":"taxable","16":"shipping-taxable","17":"purchasable","18":"product-type-simple"},"_links":{"self":[{"href":"https:\/\/abinox-chr-clim.com\/index.php\/wp-json\/wp\/v2\/product\/67626","targetHints":{"allow":["GET"]}}],"collection":[{"href":"https:\/\/abinox-chr-clim.com\/index.php\/wp-json\/wp\/v2\/product"}],"about":[{"href":"https:\/\/abinox-chr-clim.com\/index.php\/wp-json\/wp\/v2\/types\/product"}],"replies":[{"embeddable":true,"href":"https:\/\/abinox-chr-clim.com\/index.php\/wp-json\/wp\/v2\/comments?post=67626"}],"wp:featuredmedia":[{"embeddable":true,"href":"https:\/\/abinox-chr-clim.com\/index.php\/wp-json\/wp\/v2\/media\/82063"}],"wp:attachment":[{"href":"https:\/\/abinox-chr-clim.com\/index.php\/wp-json\/wp\/v2\/media?parent=67626"}],"wp:term":[{"taxonomy":"product_brand","embeddable":true,"href":"https:\/\/abinox-chr-clim.com\/index.php\/wp-json\/wp\/v2\/product_brand?post=67626"},{"taxonomy":"product_cat","embeddable":true,"href":"https:\/\/abinox-chr-clim.com\/index.php\/wp-json\/wp\/v2\/product_cat?post=67626"},{"taxonomy":"product_tag","embeddable":true,"href":"https:\/\/abinox-chr-clim.com\/index.php\/wp-json\/wp\/v2\/product_tag?post=67626"}],"curies":[{"name":"wp","href":"https:\/\/api.w.org\/{rel}","templated":true}]}}