{"id":67624,"date":"2024-03-22T15:57:03","date_gmt":"2024-03-22T14:57:03","guid":{"rendered":"https:\/\/abinox-chr-clim.com\/index.php\/product\/moule-a-patisserie-antiadhesif-en-silicone-pavoflex-24-muffins\/"},"modified":"2026-04-02T08:31:01","modified_gmt":"2026-04-02T06:31:01","slug":"moule-a-patisserie-antiadhesif-en-silicone-pavoflex-24-muffins","status":"publish","type":"product","link":"https:\/\/abinox-chr-clim.com\/index.php\/product\/moule-a-patisserie-antiadhesif-en-silicone-pavoflex-24-muffins\/","title":{"rendered":"Moule \u00e0 p\u00e2tisserie antiadh\u00e9sif en silicone Pavoflex 24 muffins"},"content":{"rendered":"<p>40(H) x 75(\u00d8)mm.<br \/>Moule antiadh\u00e9sif souple.100% silicone alimentaire de qualit\u00e9.R\u00e9sistant au lave-vaisselle, adapt\u00e9 pour four et cong\u00e9lateur (-40\u00b0 \u00e0 +280\u00b0C). Certifi\u00e9 HACCP. .Moule antiadh\u00e9sif souple. .<br \/> Caract\u00e9ristiques :<br \/> Dimensions : 40(H) x 75(\u00d8) mm.<br \/> Mati\u00e8re : Silicone.<\/p>\n","protected":false},"excerpt":{"rendered":"<p>Moule \u00e0 p\u00e2tisserie antiadh\u00e9sif en silicone Pavoflex 24 muffins<\/p>\n","protected":false},"featured_media":102743,"comment_status":"closed","ping_status":"closed","template":"","meta":[],"product_brand":[],"product_cat":[1064,1091,1297,1087],"product_tag":[],"class_list":{"0":"post-67624","1":"product","2":"type-product","3":"status-publish","4":"has-post-thumbnail","6":"product_cat-cuisine","7":"product_cat-moules-a-gateaux","8":"product_cat-non-palettisable","9":"product_cat-patisserie","10":"product_shipping_class-free-shipping","12":"first","13":"instock","14":"featured","15":"taxable","16":"shipping-taxable","17":"purchasable","18":"product-type-simple"},"_links":{"self":[{"href":"https:\/\/abinox-chr-clim.com\/index.php\/wp-json\/wp\/v2\/product\/67624","targetHints":{"allow":["GET"]}}],"collection":[{"href":"https:\/\/abinox-chr-clim.com\/index.php\/wp-json\/wp\/v2\/product"}],"about":[{"href":"https:\/\/abinox-chr-clim.com\/index.php\/wp-json\/wp\/v2\/types\/product"}],"replies":[{"embeddable":true,"href":"https:\/\/abinox-chr-clim.com\/index.php\/wp-json\/wp\/v2\/comments?post=67624"}],"wp:featuredmedia":[{"embeddable":true,"href":"https:\/\/abinox-chr-clim.com\/index.php\/wp-json\/wp\/v2\/media\/102743"}],"wp:attachment":[{"href":"https:\/\/abinox-chr-clim.com\/index.php\/wp-json\/wp\/v2\/media?parent=67624"}],"wp:term":[{"taxonomy":"product_brand","embeddable":true,"href":"https:\/\/abinox-chr-clim.com\/index.php\/wp-json\/wp\/v2\/product_brand?post=67624"},{"taxonomy":"product_cat","embeddable":true,"href":"https:\/\/abinox-chr-clim.com\/index.php\/wp-json\/wp\/v2\/product_cat?post=67624"},{"taxonomy":"product_tag","embeddable":true,"href":"https:\/\/abinox-chr-clim.com\/index.php\/wp-json\/wp\/v2\/product_tag?post=67624"}],"curies":[{"name":"wp","href":"https:\/\/api.w.org\/{rel}","templated":true}]}}