{"id":67621,"date":"2024-03-22T15:57:00","date_gmt":"2024-03-22T14:57:00","guid":{"rendered":"https:\/\/abinox-chr-clim.com\/index.php\/product\/plaque-de-24-moules-a-muffins-vogue\/"},"modified":"2025-06-30T09:09:53","modified_gmt":"2025-06-30T07:09:53","slug":"plaque-de-24-moules-a-muffins-vogue","status":"publish","type":"product","link":"https:\/\/abinox-chr-clim.com\/index.php\/product\/plaque-de-24-moules-a-muffins-vogue\/","title":{"rendered":"Plaque de 24 moules \u00e0 muffins Vogue"},"content":{"rendered":"<p>Dimensions (mm): plaque: 360 x 525, moules: 30(H) x 80(\u00d8). Aluminium.<br \/>Extr\u00eamement durable. Cr\u00e9ez facilement de grandes quantit\u00e9s de g\u00e2teaux. Extr\u00eamement durable.<\/p>\n<p>Caract\u00e9ristiques :<br \/> Dimensions : 24(H) x 520(L) x 360(P) mm.<br \/> Mati\u00e8re : Aluminium<\/p>\n","protected":false},"excerpt":{"rendered":"<p>Plaque de 24 moules \u00e0 muffins Vogue<\/p>\n","protected":false},"featured_media":79178,"comment_status":"closed","ping_status":"closed","template":"","meta":[],"product_brand":[],"product_cat":[1064,1091,1297,1087],"product_tag":[],"class_list":{"0":"post-67621","1":"product","2":"type-product","3":"status-publish","4":"has-post-thumbnail","6":"product_cat-cuisine","7":"product_cat-moules-a-gateaux","8":"product_cat-non-palettisable","9":"product_cat-patisserie","10":"product_shipping_class-free-shipping","12":"first","13":"outofstock","14":"featured","15":"taxable","16":"shipping-taxable","17":"purchasable","18":"product-type-simple"},"_links":{"self":[{"href":"https:\/\/abinox-chr-clim.com\/index.php\/wp-json\/wp\/v2\/product\/67621","targetHints":{"allow":["GET"]}}],"collection":[{"href":"https:\/\/abinox-chr-clim.com\/index.php\/wp-json\/wp\/v2\/product"}],"about":[{"href":"https:\/\/abinox-chr-clim.com\/index.php\/wp-json\/wp\/v2\/types\/product"}],"replies":[{"embeddable":true,"href":"https:\/\/abinox-chr-clim.com\/index.php\/wp-json\/wp\/v2\/comments?post=67621"}],"wp:featuredmedia":[{"embeddable":true,"href":"https:\/\/abinox-chr-clim.com\/index.php\/wp-json\/wp\/v2\/media\/79178"}],"wp:attachment":[{"href":"https:\/\/abinox-chr-clim.com\/index.php\/wp-json\/wp\/v2\/media?parent=67621"}],"wp:term":[{"taxonomy":"product_brand","embeddable":true,"href":"https:\/\/abinox-chr-clim.com\/index.php\/wp-json\/wp\/v2\/product_brand?post=67621"},{"taxonomy":"product_cat","embeddable":true,"href":"https:\/\/abinox-chr-clim.com\/index.php\/wp-json\/wp\/v2\/product_cat?post=67621"},{"taxonomy":"product_tag","embeddable":true,"href":"https:\/\/abinox-chr-clim.com\/index.php\/wp-json\/wp\/v2\/product_tag?post=67621"}],"curies":[{"name":"wp","href":"https:\/\/api.w.org\/{rel}","templated":true}]}}