{"id":67620,"date":"2024-03-22T15:56:59","date_gmt":"2024-03-22T14:56:59","guid":{"rendered":"https:\/\/abinox-chr-clim.com\/index.php\/product\/plaque-aluminium-antiadhesive-de-12-moules-a-muffins-vogue\/"},"modified":"2026-04-02T08:27:46","modified_gmt":"2026-04-02T06:27:46","slug":"plaque-aluminium-antiadhesive-de-12-moules-a-muffins-vogue","status":"publish","type":"product","link":"https:\/\/abinox-chr-clim.com\/index.php\/product\/plaque-aluminium-antiadhesive-de-12-moules-a-muffins-vogue\/","title":{"rendered":"Plaque aluminium antiadh\u00e9sive de 12 moules \u00e0 muffins Vogue"},"content":{"rendered":"<p>Plaque 358(L) x 273(P), moules 27(H) x 75(\u00d8) mm.<br \/>Rev\u00eatement antiadh\u00e9sif &#8211; permet de retirer facilement le contenu sans d\u00e9chirure. Extr\u00eamement durable. Lavage \u00e0 la main recommand\u00e9. Taille g\u00e9n\u00e9reuse &#8211; 12 emplacements pour les g\u00e2teaux, les tartes, les puddings ou les tartelettes. Conception durable, extr\u00eamement r\u00e9sistante. Facile \u00e0 nettoyer. Les l\u00e8vres sur\u00e9lev\u00e9es du moule emp\u00eachent le m\u00e9lange de d\u00e9border.Rev\u00eatement antiadh\u00e9sif &#8211; permet de retirer facilement le contenu sans d\u00e9chirure.<\/p>\n<p>Caract\u00e9ristiques :<br \/> Dimensions : Dimensions : plaque 360(L)x 280(l)mm, moule 80(\u00d8)x 25(P)mm.<br \/> Mati\u00e8re : Aluminium.<br \/> Couleur : Noir.<\/p>\n","protected":false},"excerpt":{"rendered":"<p>Plaque aluminium antiadh\u00e9sive de 12 moules \u00e0 muffins Vogue<\/p>\n","protected":false},"featured_media":79174,"comment_status":"closed","ping_status":"closed","template":"","meta":[],"product_brand":[],"product_cat":[1064,1091,1297,1087],"product_tag":[],"class_list":{"0":"post-67620","1":"product","2":"type-product","3":"status-publish","4":"has-post-thumbnail","6":"product_cat-cuisine","7":"product_cat-moules-a-gateaux","8":"product_cat-non-palettisable","9":"product_cat-patisserie","10":"product_shipping_class-free-shipping","12":"first","13":"instock","14":"featured","15":"taxable","16":"shipping-taxable","17":"purchasable","18":"product-type-simple"},"_links":{"self":[{"href":"https:\/\/abinox-chr-clim.com\/index.php\/wp-json\/wp\/v2\/product\/67620","targetHints":{"allow":["GET"]}}],"collection":[{"href":"https:\/\/abinox-chr-clim.com\/index.php\/wp-json\/wp\/v2\/product"}],"about":[{"href":"https:\/\/abinox-chr-clim.com\/index.php\/wp-json\/wp\/v2\/types\/product"}],"replies":[{"embeddable":true,"href":"https:\/\/abinox-chr-clim.com\/index.php\/wp-json\/wp\/v2\/comments?post=67620"}],"wp:featuredmedia":[{"embeddable":true,"href":"https:\/\/abinox-chr-clim.com\/index.php\/wp-json\/wp\/v2\/media\/79174"}],"wp:attachment":[{"href":"https:\/\/abinox-chr-clim.com\/index.php\/wp-json\/wp\/v2\/media?parent=67620"}],"wp:term":[{"taxonomy":"product_brand","embeddable":true,"href":"https:\/\/abinox-chr-clim.com\/index.php\/wp-json\/wp\/v2\/product_brand?post=67620"},{"taxonomy":"product_cat","embeddable":true,"href":"https:\/\/abinox-chr-clim.com\/index.php\/wp-json\/wp\/v2\/product_cat?post=67620"},{"taxonomy":"product_tag","embeddable":true,"href":"https:\/\/abinox-chr-clim.com\/index.php\/wp-json\/wp\/v2\/product_tag?post=67620"}],"curies":[{"name":"wp","href":"https:\/\/api.w.org\/{rel}","templated":true}]}}