{"id":67591,"date":"2024-03-22T15:56:47","date_gmt":"2024-03-22T14:56:47","guid":{"rendered":"https:\/\/abinox-chr-clim.com\/index.php\/product\/dariole-en-aluminium-vogue-128ml\/"},"modified":"2026-04-02T08:57:46","modified_gmt":"2026-04-02T06:57:46","slug":"dariole-en-aluminium-vogue-128ml","status":"publish","type":"product","link":"https:\/\/abinox-chr-clim.com\/index.php\/product\/dariole-en-aluminium-vogue-128ml\/","title":{"rendered":"Dariole en aluminium Vogue 128ml"},"content":{"rendered":"<p>Aluminium. Vendue \u00e0 l&rsquo;unit\u00e9.<br \/>Lavage \u00e0 la main recommand\u00e9. Garantit un contr\u00f4le des portions pr\u00e9cis et attrayant. Facile \u00e0 nettoyer. Incroyablement robuste. Adapt\u00e9e aux pr\u00e9parations chaudes et froides.  Lavage \u00e0 la main recommand\u00e9.<\/p>\n<p>Caract\u00e9ristiques :<br \/> Capacit\u00e9 : 120ml.<br \/> Dimensions : 60(H) x 65(\u00d8) mm.<br \/> Mati\u00e8re : Aluminium.<br \/> Couleur : Argent.<\/p>\n","protected":false},"excerpt":{"rendered":"<p>Dariole en aluminium Vogue 128ml<\/p>\n","protected":false},"featured_media":102638,"comment_status":"closed","ping_status":"closed","template":"","meta":[],"product_brand":[],"product_cat":[1064,1089,1297,1087],"product_tag":[],"class_list":{"0":"post-67591","1":"product","2":"type-product","3":"status-publish","4":"has-post-thumbnail","6":"product_cat-cuisine","7":"product_cat-darioles","8":"product_cat-non-palettisable","9":"product_cat-patisserie","10":"product_shipping_class-free-shipping","12":"first","13":"instock","14":"featured","15":"taxable","16":"shipping-taxable","17":"purchasable","18":"product-type-simple"},"_links":{"self":[{"href":"https:\/\/abinox-chr-clim.com\/index.php\/wp-json\/wp\/v2\/product\/67591","targetHints":{"allow":["GET"]}}],"collection":[{"href":"https:\/\/abinox-chr-clim.com\/index.php\/wp-json\/wp\/v2\/product"}],"about":[{"href":"https:\/\/abinox-chr-clim.com\/index.php\/wp-json\/wp\/v2\/types\/product"}],"replies":[{"embeddable":true,"href":"https:\/\/abinox-chr-clim.com\/index.php\/wp-json\/wp\/v2\/comments?post=67591"}],"wp:featuredmedia":[{"embeddable":true,"href":"https:\/\/abinox-chr-clim.com\/index.php\/wp-json\/wp\/v2\/media\/102638"}],"wp:attachment":[{"href":"https:\/\/abinox-chr-clim.com\/index.php\/wp-json\/wp\/v2\/media?parent=67591"}],"wp:term":[{"taxonomy":"product_brand","embeddable":true,"href":"https:\/\/abinox-chr-clim.com\/index.php\/wp-json\/wp\/v2\/product_brand?post=67591"},{"taxonomy":"product_cat","embeddable":true,"href":"https:\/\/abinox-chr-clim.com\/index.php\/wp-json\/wp\/v2\/product_cat?post=67591"},{"taxonomy":"product_tag","embeddable":true,"href":"https:\/\/abinox-chr-clim.com\/index.php\/wp-json\/wp\/v2\/product_tag?post=67591"}],"curies":[{"name":"wp","href":"https:\/\/api.w.org\/{rel}","templated":true}]}}