{"id":67590,"date":"2024-03-22T15:56:47","date_gmt":"2024-03-22T14:56:47","guid":{"rendered":"https:\/\/abinox-chr-clim.com\/index.php\/product\/dariole-mason-cash-140mm-650ml\/"},"modified":"2025-06-30T09:46:30","modified_gmt":"2025-06-30T07:46:30","slug":"dariole-mason-cash-140mm-650ml","status":"publish","type":"product","link":"https:\/\/abinox-chr-clim.com\/index.php\/product\/dariole-mason-cash-140mm-650ml\/","title":{"rendered":"Dariole Mason Cash 140mm 650ml"},"content":{"rendered":"<p>Dariole traditionnelle en gr\u00e8s r\u00e9sistant au lave-vaisselle et au cong\u00e9lateur. Id\u00e9ale pour la cuisson vapeur gr\u00e2ce au bord large.<br \/>Parfaite pour la cuisson vapeur. Bord con\u00e7u pour l&rsquo;utilisation de papier sulfuris\u00e9 ou film alimentaire. Lave-vaisselle. Micro-ondes. Cong\u00e9lateur.  Parfaite pour la cuisson vapeur.<\/p>\n<p>Caract\u00e9ristiques :<br \/> Capacit\u00e9 : 650ml.<br \/> Dimensions : 80(H) x 140(\u00d8) mm.<br \/> Mati\u00e8re : Gr\u00e8s.<br \/> Couleur : Blanc.<\/p>\n","protected":false},"excerpt":{"rendered":"<p>Dariole Mason Cash 140mm 650ml<\/p>\n","protected":false},"featured_media":101636,"comment_status":"closed","ping_status":"closed","template":"","meta":[],"product_brand":[],"product_cat":[1064,1089,1297,1087],"product_tag":[],"class_list":{"0":"post-67590","1":"product","2":"type-product","3":"status-publish","4":"has-post-thumbnail","6":"product_cat-cuisine","7":"product_cat-darioles","8":"product_cat-non-palettisable","9":"product_cat-patisserie","10":"product_shipping_class-free-shipping","12":"first","13":"outofstock","14":"featured","15":"taxable","16":"shipping-taxable","17":"purchasable","18":"product-type-simple"},"_links":{"self":[{"href":"https:\/\/abinox-chr-clim.com\/index.php\/wp-json\/wp\/v2\/product\/67590","targetHints":{"allow":["GET"]}}],"collection":[{"href":"https:\/\/abinox-chr-clim.com\/index.php\/wp-json\/wp\/v2\/product"}],"about":[{"href":"https:\/\/abinox-chr-clim.com\/index.php\/wp-json\/wp\/v2\/types\/product"}],"replies":[{"embeddable":true,"href":"https:\/\/abinox-chr-clim.com\/index.php\/wp-json\/wp\/v2\/comments?post=67590"}],"wp:featuredmedia":[{"embeddable":true,"href":"https:\/\/abinox-chr-clim.com\/index.php\/wp-json\/wp\/v2\/media\/101636"}],"wp:attachment":[{"href":"https:\/\/abinox-chr-clim.com\/index.php\/wp-json\/wp\/v2\/media?parent=67590"}],"wp:term":[{"taxonomy":"product_brand","embeddable":true,"href":"https:\/\/abinox-chr-clim.com\/index.php\/wp-json\/wp\/v2\/product_brand?post=67590"},{"taxonomy":"product_cat","embeddable":true,"href":"https:\/\/abinox-chr-clim.com\/index.php\/wp-json\/wp\/v2\/product_cat?post=67590"},{"taxonomy":"product_tag","embeddable":true,"href":"https:\/\/abinox-chr-clim.com\/index.php\/wp-json\/wp\/v2\/product_tag?post=67590"}],"curies":[{"name":"wp","href":"https:\/\/api.w.org\/{rel}","templated":true}]}}