{"id":67588,"date":"2024-03-22T15:56:46","date_gmt":"2024-03-22T14:56:46","guid":{"rendered":"https:\/\/abinox-chr-clim.com\/index.php\/product\/grande-dariole-en-aluminium-vogue\/"},"modified":"2026-04-02T08:43:38","modified_gmt":"2026-04-02T06:43:38","slug":"grande-dariole-en-aluminium-vogue","status":"publish","type":"product","link":"https:\/\/abinox-chr-clim.com\/index.php\/product\/grande-dariole-en-aluminium-vogue\/","title":{"rendered":"Grande dariole en aluminium Vogue"},"content":{"rendered":"<p>Sans danger pour la cuisson, la cong\u00e9lation et la cuisson \u00e0 la vapeur. Exceptionnellement robuste. Id\u00e9al pour le contr\u00f4le des portions. Assure une r\u00e9partition uniforme de la chaleur. Sans danger pour la cuisson, la cong\u00e9lation et la cuisson \u00e0 la vapeur.<\/p>\n<p>Caract\u00e9ristiques :<br \/> Capacit\u00e9 : 28,4 cl.<br \/> Dimensions : 55(H) x 110(\u00d8) mm.<br \/> Mati\u00e8re : Aluminium<\/p>\n","protected":false},"excerpt":{"rendered":"<p>Grande dariole en aluminium Vogue<\/p>\n","protected":false},"featured_media":96147,"comment_status":"closed","ping_status":"closed","template":"","meta":[],"product_brand":[],"product_cat":[1064,1089,1297,1087],"product_tag":[],"class_list":{"0":"post-67588","1":"product","2":"type-product","3":"status-publish","4":"has-post-thumbnail","6":"product_cat-cuisine","7":"product_cat-darioles","8":"product_cat-non-palettisable","9":"product_cat-patisserie","10":"product_shipping_class-free-shipping","12":"first","13":"instock","14":"featured","15":"taxable","16":"shipping-taxable","17":"purchasable","18":"product-type-simple"},"_links":{"self":[{"href":"https:\/\/abinox-chr-clim.com\/index.php\/wp-json\/wp\/v2\/product\/67588","targetHints":{"allow":["GET"]}}],"collection":[{"href":"https:\/\/abinox-chr-clim.com\/index.php\/wp-json\/wp\/v2\/product"}],"about":[{"href":"https:\/\/abinox-chr-clim.com\/index.php\/wp-json\/wp\/v2\/types\/product"}],"replies":[{"embeddable":true,"href":"https:\/\/abinox-chr-clim.com\/index.php\/wp-json\/wp\/v2\/comments?post=67588"}],"wp:featuredmedia":[{"embeddable":true,"href":"https:\/\/abinox-chr-clim.com\/index.php\/wp-json\/wp\/v2\/media\/96147"}],"wp:attachment":[{"href":"https:\/\/abinox-chr-clim.com\/index.php\/wp-json\/wp\/v2\/media?parent=67588"}],"wp:term":[{"taxonomy":"product_brand","embeddable":true,"href":"https:\/\/abinox-chr-clim.com\/index.php\/wp-json\/wp\/v2\/product_brand?post=67588"},{"taxonomy":"product_cat","embeddable":true,"href":"https:\/\/abinox-chr-clim.com\/index.php\/wp-json\/wp\/v2\/product_cat?post=67588"},{"taxonomy":"product_tag","embeddable":true,"href":"https:\/\/abinox-chr-clim.com\/index.php\/wp-json\/wp\/v2\/product_tag?post=67588"}],"curies":[{"name":"wp","href":"https:\/\/api.w.org\/{rel}","templated":true}]}}