{"id":67587,"date":"2024-03-22T15:56:46","date_gmt":"2024-03-22T14:56:46","guid":{"rendered":"https:\/\/abinox-chr-clim.com\/index.php\/product\/boite-de-9-decoupoirs-ronds-lisses-schneider\/"},"modified":"2026-04-02T09:36:09","modified_gmt":"2026-04-02T07:36:09","slug":"boite-de-9-decoupoirs-ronds-lisses-schneider","status":"publish","type":"product","link":"https:\/\/abinox-chr-clim.com\/index.php\/product\/boite-de-9-decoupoirs-ronds-lisses-schneider\/","title":{"rendered":"Bo\u00eete de 9 d\u00e9coupoirs ronds lisses Schneider"},"content":{"rendered":"<p>Boite de 9 d\u00e9coupoirs en nylon. De 20 \u00e0 100(\u00d8)mm.<br \/>R\u00e9sistance \u00e0 la chaleur jusqu&rsquo;\u00e0 160\u00b0C. Intervales de 10mm. 9 pi\u00e8ces. Ronds. Dimensions : 20, 30, 40, 50, 60, 70, 80, 90, 100mm.  R\u00e9sistance \u00e0 la chaleur jusqu&rsquo;\u00e0 160\u00b0C.<\/p>\n<p>Caract\u00e9ristiques :<br \/>Lot : 9.<br \/> Dimensions : 20-100mm.<br \/> Mati\u00e8re : Nylon.<br \/> Couleur : Blanc.<\/p>\n","protected":false},"excerpt":{"rendered":"<p>Bo\u00eete de 9 d\u00e9coupoirs ronds lisses Schneider<\/p>\n","protected":false},"featured_media":102976,"comment_status":"closed","ping_status":"closed","template":"","meta":[],"product_brand":[],"product_cat":[1088,1064,1297,1087],"product_tag":[],"class_list":{"0":"post-67587","1":"product","2":"type-product","3":"status-publish","4":"has-post-thumbnail","6":"product_cat-cercles-a-mousse","7":"product_cat-cuisine","8":"product_cat-non-palettisable","9":"product_cat-patisserie","10":"product_shipping_class-free-shipping","12":"first","13":"instock","14":"featured","15":"taxable","16":"shipping-taxable","17":"purchasable","18":"product-type-simple"},"_links":{"self":[{"href":"https:\/\/abinox-chr-clim.com\/index.php\/wp-json\/wp\/v2\/product\/67587","targetHints":{"allow":["GET"]}}],"collection":[{"href":"https:\/\/abinox-chr-clim.com\/index.php\/wp-json\/wp\/v2\/product"}],"about":[{"href":"https:\/\/abinox-chr-clim.com\/index.php\/wp-json\/wp\/v2\/types\/product"}],"replies":[{"embeddable":true,"href":"https:\/\/abinox-chr-clim.com\/index.php\/wp-json\/wp\/v2\/comments?post=67587"}],"wp:featuredmedia":[{"embeddable":true,"href":"https:\/\/abinox-chr-clim.com\/index.php\/wp-json\/wp\/v2\/media\/102976"}],"wp:attachment":[{"href":"https:\/\/abinox-chr-clim.com\/index.php\/wp-json\/wp\/v2\/media?parent=67587"}],"wp:term":[{"taxonomy":"product_brand","embeddable":true,"href":"https:\/\/abinox-chr-clim.com\/index.php\/wp-json\/wp\/v2\/product_brand?post=67587"},{"taxonomy":"product_cat","embeddable":true,"href":"https:\/\/abinox-chr-clim.com\/index.php\/wp-json\/wp\/v2\/product_cat?post=67587"},{"taxonomy":"product_tag","embeddable":true,"href":"https:\/\/abinox-chr-clim.com\/index.php\/wp-json\/wp\/v2\/product_tag?post=67587"}],"curies":[{"name":"wp","href":"https:\/\/api.w.org\/{rel}","templated":true}]}}