{"id":67586,"date":"2024-03-22T15:56:46","date_gmt":"2024-03-22T14:56:46","guid":{"rendered":"https:\/\/abinox-chr-clim.com\/index.php\/product\/cercle-a-tarte-carre-inox-de-buyer-200-x-20mm\/"},"modified":"2026-04-02T09:24:03","modified_gmt":"2026-04-02T07:24:03","slug":"cercle-a-tarte-carre-inox-de-buyer-200-x-20mm","status":"publish","type":"product","link":"https:\/\/abinox-chr-clim.com\/index.php\/product\/cercle-a-tarte-carre-inox-de-buyer-200-x-20mm\/","title":{"rendered":"Cercle \u00e0 tarte carr\u00e9 inox De Buyer 200 x 20mm"},"content":{"rendered":"<p>Gr\u00e2ce \u00e0 la forme du cercle, les tartes arborent un design tr\u00e8s moderne et original.<br \/>Am\u00e9liore la pr\u00e9sentation des plats et des desserts carr\u00e9s &#8211; plus besoin de mesurer ou de couper \u00e0 la main.Conception flexible &#8211; permet de retirer facilement les aliments sans les ab\u00eemer. Tr\u00e8s polyvalent &#8211; convient pour r\u00e9frig\u00e9ration, cong\u00e9lation, le four et la surg\u00e9lation. Construction solide et durable en acier inoxydable. Conception facile \u00e0 nettoyer pour gagner du temps &#8211; compatible avec le lave-vaisselle. Bords sans ar\u00eates &#8211; ne laisse pas de traces sur les aliments.Am\u00e9liore la pr\u00e9sentation des plats et des desserts carr\u00e9s &#8211; plus besoin de mesurer ou de couper \u00e0 la main.<\/p>\n<p>Caract\u00e9ristiques :<br \/> Dimensions : 20(H) x 200(L) x 200(P) mm.<br \/> Mati\u00e8re : Acier inoxydable<\/p>\n","protected":false},"excerpt":{"rendered":"<p>Cercle \u00e0 tarte carr\u00e9 inox De Buyer 200 x 20mm<\/p>\n","protected":false},"featured_media":102225,"comment_status":"closed","ping_status":"closed","template":"","meta":[],"product_brand":[],"product_cat":[1088,1064,1297,1087],"product_tag":[],"class_list":{"0":"post-67586","1":"product","2":"type-product","3":"status-publish","4":"has-post-thumbnail","6":"product_cat-cercles-a-mousse","7":"product_cat-cuisine","8":"product_cat-non-palettisable","9":"product_cat-patisserie","10":"product_shipping_class-free-shipping","12":"first","13":"instock","14":"featured","15":"taxable","16":"shipping-taxable","17":"purchasable","18":"product-type-simple"},"_links":{"self":[{"href":"https:\/\/abinox-chr-clim.com\/index.php\/wp-json\/wp\/v2\/product\/67586","targetHints":{"allow":["GET"]}}],"collection":[{"href":"https:\/\/abinox-chr-clim.com\/index.php\/wp-json\/wp\/v2\/product"}],"about":[{"href":"https:\/\/abinox-chr-clim.com\/index.php\/wp-json\/wp\/v2\/types\/product"}],"replies":[{"embeddable":true,"href":"https:\/\/abinox-chr-clim.com\/index.php\/wp-json\/wp\/v2\/comments?post=67586"}],"wp:featuredmedia":[{"embeddable":true,"href":"https:\/\/abinox-chr-clim.com\/index.php\/wp-json\/wp\/v2\/media\/102225"}],"wp:attachment":[{"href":"https:\/\/abinox-chr-clim.com\/index.php\/wp-json\/wp\/v2\/media?parent=67586"}],"wp:term":[{"taxonomy":"product_brand","embeddable":true,"href":"https:\/\/abinox-chr-clim.com\/index.php\/wp-json\/wp\/v2\/product_brand?post=67586"},{"taxonomy":"product_cat","embeddable":true,"href":"https:\/\/abinox-chr-clim.com\/index.php\/wp-json\/wp\/v2\/product_cat?post=67586"},{"taxonomy":"product_tag","embeddable":true,"href":"https:\/\/abinox-chr-clim.com\/index.php\/wp-json\/wp\/v2\/product_tag?post=67586"}],"curies":[{"name":"wp","href":"https:\/\/api.w.org\/{rel}","templated":true}]}}