{"id":67584,"date":"2024-03-22T15:56:45","date_gmt":"2024-03-22T14:56:45","guid":{"rendered":"https:\/\/abinox-chr-clim.com\/index.php\/product\/cercle-a-mousse-inox-de-buyer-240-x-60mm\/"},"modified":"2026-04-02T09:24:01","modified_gmt":"2026-04-02T07:24:01","slug":"cercle-a-mousse-inox-de-buyer-240-x-60mm","status":"publish","type":"product","link":"https:\/\/abinox-chr-clim.com\/index.php\/product\/cercle-a-mousse-inox-de-buyer-240-x-60mm\/","title":{"rendered":"Cercle \u00e0 mousse inox De Buyer 240 x 60mm"},"content":{"rendered":"<p>Cercles \u00e0 mousse en acier inoxydable. Vendus \u00e0 l&rsquo;unit\u00e9.<br \/>Vendu \u00e0 l&rsquo;unit\u00e9. Am\u00e9liore la pr\u00e9sentation des aliments. Id\u00e9al pour produire des portions r\u00e9guli\u00e8res de riz et de l\u00e9gumes &#8211; r\u00e9duit le gaspillage alimentaire. Tr\u00e8s durable. Facile \u00e0 nettoyer &#8211; passe au lave-vaisselle.  Vendu \u00e0 l&rsquo;unit\u00e9.<\/p>\n<p>Caract\u00e9ristiques :<br \/> Dimensions : 60(H) x 240(\u00d8) mm.<br \/> Mati\u00e8re : Acier inoxydable.<br \/> Couleur : Argent.<\/p>\n","protected":false},"excerpt":{"rendered":"<p>Cercle \u00e0 mousse inox De Buyer 240 x 60mm<\/p>\n","protected":false},"featured_media":102223,"comment_status":"closed","ping_status":"closed","template":"","meta":[],"product_brand":[],"product_cat":[1088,1064,1297,1087],"product_tag":[],"class_list":{"0":"post-67584","1":"product","2":"type-product","3":"status-publish","4":"has-post-thumbnail","6":"product_cat-cercles-a-mousse","7":"product_cat-cuisine","8":"product_cat-non-palettisable","9":"product_cat-patisserie","10":"product_shipping_class-free-shipping","12":"first","13":"instock","14":"featured","15":"taxable","16":"shipping-taxable","17":"purchasable","18":"product-type-simple"},"_links":{"self":[{"href":"https:\/\/abinox-chr-clim.com\/index.php\/wp-json\/wp\/v2\/product\/67584","targetHints":{"allow":["GET"]}}],"collection":[{"href":"https:\/\/abinox-chr-clim.com\/index.php\/wp-json\/wp\/v2\/product"}],"about":[{"href":"https:\/\/abinox-chr-clim.com\/index.php\/wp-json\/wp\/v2\/types\/product"}],"replies":[{"embeddable":true,"href":"https:\/\/abinox-chr-clim.com\/index.php\/wp-json\/wp\/v2\/comments?post=67584"}],"wp:featuredmedia":[{"embeddable":true,"href":"https:\/\/abinox-chr-clim.com\/index.php\/wp-json\/wp\/v2\/media\/102223"}],"wp:attachment":[{"href":"https:\/\/abinox-chr-clim.com\/index.php\/wp-json\/wp\/v2\/media?parent=67584"}],"wp:term":[{"taxonomy":"product_brand","embeddable":true,"href":"https:\/\/abinox-chr-clim.com\/index.php\/wp-json\/wp\/v2\/product_brand?post=67584"},{"taxonomy":"product_cat","embeddable":true,"href":"https:\/\/abinox-chr-clim.com\/index.php\/wp-json\/wp\/v2\/product_cat?post=67584"},{"taxonomy":"product_tag","embeddable":true,"href":"https:\/\/abinox-chr-clim.com\/index.php\/wp-json\/wp\/v2\/product_tag?post=67584"}],"curies":[{"name":"wp","href":"https:\/\/api.w.org\/{rel}","templated":true}]}}