{"id":67583,"date":"2024-03-22T15:56:45","date_gmt":"2024-03-22T14:56:45","guid":{"rendered":"https:\/\/abinox-chr-clim.com\/index.php\/product\/cercle-a-mousse-70-x-35mm-vogue\/"},"modified":"2026-04-02T08:44:39","modified_gmt":"2026-04-02T06:44:39","slug":"cercle-a-mousse-70-x-35mm-vogue","status":"publish","type":"product","link":"https:\/\/abinox-chr-clim.com\/index.php\/product\/cercle-a-mousse-70-x-35mm-vogue\/","title":{"rendered":"Cercle \u00e0 mousse 70 x 35mm Vogue"},"content":{"rendered":"<p>Acier inoxydable.<br \/>Le design permet d&rsquo;am\u00e9liorer la pr\u00e9sentation des aliments. La conception facile \u00e0 nettoyer permet de r\u00e9duire le temps pass\u00e9 \u00e0 laver la vaisselle. Id\u00e9al pour produire des portions r\u00e9guli\u00e8res de riz et de l\u00e9gumes. Permet d&#8217;empiler proprement les aliments et les salades. L&rsquo;acier inoxydable hautement durable reste dans son \u00e9tat neuf pendant des ann\u00e9es.  Le design permet d&rsquo;am\u00e9liorer la pr\u00e9sentation des aliments.<\/p>\n<p>Caract\u00e9ristiques :<br \/> Dimensions : 35(H) x 70(\u00d8) mm.<br \/> Mati\u00e8re : Inox.<br \/> Couleur : Argent.<\/p>\n","protected":false},"excerpt":{"rendered":"<p>Cercle \u00e0 mousse 70 x 35mm Vogue<\/p>\n","protected":false},"featured_media":95830,"comment_status":"closed","ping_status":"closed","template":"","meta":[],"product_brand":[],"product_cat":[1088,1064,1297,1087],"product_tag":[],"class_list":{"0":"post-67583","1":"product","2":"type-product","3":"status-publish","4":"has-post-thumbnail","6":"product_cat-cercles-a-mousse","7":"product_cat-cuisine","8":"product_cat-non-palettisable","9":"product_cat-patisserie","10":"product_shipping_class-free-shipping","12":"first","13":"instock","14":"featured","15":"taxable","16":"shipping-taxable","17":"purchasable","18":"product-type-simple"},"_links":{"self":[{"href":"https:\/\/abinox-chr-clim.com\/index.php\/wp-json\/wp\/v2\/product\/67583","targetHints":{"allow":["GET"]}}],"collection":[{"href":"https:\/\/abinox-chr-clim.com\/index.php\/wp-json\/wp\/v2\/product"}],"about":[{"href":"https:\/\/abinox-chr-clim.com\/index.php\/wp-json\/wp\/v2\/types\/product"}],"replies":[{"embeddable":true,"href":"https:\/\/abinox-chr-clim.com\/index.php\/wp-json\/wp\/v2\/comments?post=67583"}],"wp:featuredmedia":[{"embeddable":true,"href":"https:\/\/abinox-chr-clim.com\/index.php\/wp-json\/wp\/v2\/media\/95830"}],"wp:attachment":[{"href":"https:\/\/abinox-chr-clim.com\/index.php\/wp-json\/wp\/v2\/media?parent=67583"}],"wp:term":[{"taxonomy":"product_brand","embeddable":true,"href":"https:\/\/abinox-chr-clim.com\/index.php\/wp-json\/wp\/v2\/product_brand?post=67583"},{"taxonomy":"product_cat","embeddable":true,"href":"https:\/\/abinox-chr-clim.com\/index.php\/wp-json\/wp\/v2\/product_cat?post=67583"},{"taxonomy":"product_tag","embeddable":true,"href":"https:\/\/abinox-chr-clim.com\/index.php\/wp-json\/wp\/v2\/product_tag?post=67583"}],"curies":[{"name":"wp","href":"https:\/\/api.w.org\/{rel}","templated":true}]}}