{"id":67582,"date":"2024-03-22T15:56:44","date_gmt":"2024-03-22T14:56:44","guid":{"rendered":"https:\/\/abinox-chr-clim.com\/index.php\/product\/cercle-a-mousse-120-x-60mm-matfer-bourgeat\/"},"modified":"2026-04-02T08:44:39","modified_gmt":"2026-04-02T06:44:39","slug":"cercle-a-mousse-120-x-60mm-matfer-bourgeat","status":"publish","type":"product","link":"https:\/\/abinox-chr-clim.com\/index.php\/product\/cercle-a-mousse-120-x-60mm-matfer-bourgeat\/","title":{"rendered":"Cercle \u00e0 mousse 120 x 60mm Matfer Bourgeat"},"content":{"rendered":"<p>Acier inoxydable. 60mm(H).<br \/>Vendu \u00e0 l&rsquo;unit\u00e9. Am\u00e9liore la pr\u00e9sentation des aliments. Id\u00e9al pour pr\u00e9senter des portions uniformes de riz et de l\u00e9gumes. Permet d&#8217;empiler soigneusement les aliments pour vos cr\u00e9ations. Tr\u00e8s r\u00e9sistant. Facile \u00e0 nettoyer.  Vendu \u00e0 l&rsquo;unit\u00e9.<\/p>\n<p>Caract\u00e9ristiques :<br \/> Dimensions : 60(H) x 120(\u00d8) mm.<br \/> Mati\u00e8re : Inox.<br \/> Couleur : Argent.<\/p>\n","protected":false},"excerpt":{"rendered":"<p>Cercle \u00e0 mousse 120 x 60mm Matfer Bourgeat<\/p>\n","protected":false},"featured_media":95831,"comment_status":"closed","ping_status":"closed","template":"","meta":[],"product_brand":[],"product_cat":[1088,1064,1297,1087],"product_tag":[],"class_list":{"0":"post-67582","1":"product","2":"type-product","3":"status-publish","4":"has-post-thumbnail","6":"product_cat-cercles-a-mousse","7":"product_cat-cuisine","8":"product_cat-non-palettisable","9":"product_cat-patisserie","10":"product_shipping_class-free-shipping","12":"first","13":"instock","14":"featured","15":"taxable","16":"shipping-taxable","17":"purchasable","18":"product-type-simple"},"_links":{"self":[{"href":"https:\/\/abinox-chr-clim.com\/index.php\/wp-json\/wp\/v2\/product\/67582","targetHints":{"allow":["GET"]}}],"collection":[{"href":"https:\/\/abinox-chr-clim.com\/index.php\/wp-json\/wp\/v2\/product"}],"about":[{"href":"https:\/\/abinox-chr-clim.com\/index.php\/wp-json\/wp\/v2\/types\/product"}],"replies":[{"embeddable":true,"href":"https:\/\/abinox-chr-clim.com\/index.php\/wp-json\/wp\/v2\/comments?post=67582"}],"wp:featuredmedia":[{"embeddable":true,"href":"https:\/\/abinox-chr-clim.com\/index.php\/wp-json\/wp\/v2\/media\/95831"}],"wp:attachment":[{"href":"https:\/\/abinox-chr-clim.com\/index.php\/wp-json\/wp\/v2\/media?parent=67582"}],"wp:term":[{"taxonomy":"product_brand","embeddable":true,"href":"https:\/\/abinox-chr-clim.com\/index.php\/wp-json\/wp\/v2\/product_brand?post=67582"},{"taxonomy":"product_cat","embeddable":true,"href":"https:\/\/abinox-chr-clim.com\/index.php\/wp-json\/wp\/v2\/product_cat?post=67582"},{"taxonomy":"product_tag","embeddable":true,"href":"https:\/\/abinox-chr-clim.com\/index.php\/wp-json\/wp\/v2\/product_tag?post=67582"}],"curies":[{"name":"wp","href":"https:\/\/api.w.org\/{rel}","templated":true}]}}