{"id":67577,"date":"2024-03-22T15:56:43","date_gmt":"2024-03-22T14:56:43","guid":{"rendered":"https:\/\/abinox-chr-clim.com\/index.php\/product\/lot-de-decoupoirs-ronds-unis-exoglass-30-a-100mm-matfer-bourgeat-lot-de-8\/"},"modified":"2026-04-02T08:43:37","modified_gmt":"2026-04-02T06:43:37","slug":"lot-de-decoupoirs-ronds-unis-exoglass-30-a-100mm-matfer-bourgeat-lot-de-8","status":"publish","type":"product","link":"https:\/\/abinox-chr-clim.com\/index.php\/product\/lot-de-decoupoirs-ronds-unis-exoglass-30-a-100mm-matfer-bourgeat-lot-de-8\/","title":{"rendered":"Lot de d\u00e9coupoirs ronds unis Exoglass 30 \u00e0 100mm Matfer Bourgeat (Lot de 8)"},"content":{"rendered":"<p>Caract\u00e9ristiques :<br \/>Lot : 8.<br \/> Dimensions : 3(\u00d8) \u00e0 10(\u00d8)cm.<br \/> Mati\u00e8re : Exoglass<\/p>\n","protected":false},"excerpt":{"rendered":"<p>Lot de d\u00e9coupoirs ronds unis Exoglass 30 \u00e0 100mm Matfer Bourgeat (Lot de 8)<\/p>\n","protected":false},"featured_media":96150,"comment_status":"closed","ping_status":"closed","template":"","meta":[],"product_brand":[],"product_cat":[1088,1064,1297,1087],"product_tag":[],"class_list":{"0":"post-67577","1":"product","2":"type-product","3":"status-publish","4":"has-post-thumbnail","6":"product_cat-cercles-a-mousse","7":"product_cat-cuisine","8":"product_cat-non-palettisable","9":"product_cat-patisserie","10":"product_shipping_class-free-shipping","12":"first","13":"outofstock","14":"featured","15":"taxable","16":"shipping-taxable","17":"purchasable","18":"product-type-simple"},"_links":{"self":[{"href":"https:\/\/abinox-chr-clim.com\/index.php\/wp-json\/wp\/v2\/product\/67577","targetHints":{"allow":["GET"]}}],"collection":[{"href":"https:\/\/abinox-chr-clim.com\/index.php\/wp-json\/wp\/v2\/product"}],"about":[{"href":"https:\/\/abinox-chr-clim.com\/index.php\/wp-json\/wp\/v2\/types\/product"}],"replies":[{"embeddable":true,"href":"https:\/\/abinox-chr-clim.com\/index.php\/wp-json\/wp\/v2\/comments?post=67577"}],"wp:featuredmedia":[{"embeddable":true,"href":"https:\/\/abinox-chr-clim.com\/index.php\/wp-json\/wp\/v2\/media\/96150"}],"wp:attachment":[{"href":"https:\/\/abinox-chr-clim.com\/index.php\/wp-json\/wp\/v2\/media?parent=67577"}],"wp:term":[{"taxonomy":"product_brand","embeddable":true,"href":"https:\/\/abinox-chr-clim.com\/index.php\/wp-json\/wp\/v2\/product_brand?post=67577"},{"taxonomy":"product_cat","embeddable":true,"href":"https:\/\/abinox-chr-clim.com\/index.php\/wp-json\/wp\/v2\/product_cat?post=67577"},{"taxonomy":"product_tag","embeddable":true,"href":"https:\/\/abinox-chr-clim.com\/index.php\/wp-json\/wp\/v2\/product_tag?post=67577"}],"curies":[{"name":"wp","href":"https:\/\/api.w.org\/{rel}","templated":true}]}}