{"id":67571,"date":"2024-03-22T15:56:41","date_gmt":"2024-03-22T14:56:41","guid":{"rendered":"https:\/\/abinox-chr-clim.com\/index.php\/product\/cercles-a-mousse-carres-80-x-80-x-60mm-vogue\/"},"modified":"2025-06-30T09:20:54","modified_gmt":"2025-06-30T07:20:54","slug":"cercles-a-mousse-carres-80-x-80-x-60mm-vogue","status":"publish","type":"product","link":"https:\/\/abinox-chr-clim.com\/index.php\/product\/cercles-a-mousse-carres-80-x-80-x-60mm-vogue\/","title":{"rendered":"Cercles \u00e0 mousse carr\u00e9s 80 x 80 x 60mm Vogue"},"content":{"rendered":"<p>Caract\u00e9ristiques :<br \/> Dimensions : 60(H) x 80(L) x 80(P) mm.<br \/> Mati\u00e8re : Inox<\/p>\n","protected":false},"excerpt":{"rendered":"<p>Cercles \u00e0 mousse carr\u00e9s 80 x 80 x 60mm Vogue<\/p>\n","protected":false},"featured_media":82620,"comment_status":"closed","ping_status":"closed","template":"","meta":[],"product_brand":[],"product_cat":[1088,1064,1297,1087],"product_tag":[],"class_list":{"0":"post-67571","1":"product","2":"type-product","3":"status-publish","4":"has-post-thumbnail","6":"product_cat-cercles-a-mousse","7":"product_cat-cuisine","8":"product_cat-non-palettisable","9":"product_cat-patisserie","10":"product_shipping_class-free-shipping","12":"first","13":"outofstock","14":"featured","15":"taxable","16":"shipping-taxable","17":"purchasable","18":"product-type-simple"},"_links":{"self":[{"href":"https:\/\/abinox-chr-clim.com\/index.php\/wp-json\/wp\/v2\/product\/67571","targetHints":{"allow":["GET"]}}],"collection":[{"href":"https:\/\/abinox-chr-clim.com\/index.php\/wp-json\/wp\/v2\/product"}],"about":[{"href":"https:\/\/abinox-chr-clim.com\/index.php\/wp-json\/wp\/v2\/types\/product"}],"replies":[{"embeddable":true,"href":"https:\/\/abinox-chr-clim.com\/index.php\/wp-json\/wp\/v2\/comments?post=67571"}],"wp:featuredmedia":[{"embeddable":true,"href":"https:\/\/abinox-chr-clim.com\/index.php\/wp-json\/wp\/v2\/media\/82620"}],"wp:attachment":[{"href":"https:\/\/abinox-chr-clim.com\/index.php\/wp-json\/wp\/v2\/media?parent=67571"}],"wp:term":[{"taxonomy":"product_brand","embeddable":true,"href":"https:\/\/abinox-chr-clim.com\/index.php\/wp-json\/wp\/v2\/product_brand?post=67571"},{"taxonomy":"product_cat","embeddable":true,"href":"https:\/\/abinox-chr-clim.com\/index.php\/wp-json\/wp\/v2\/product_cat?post=67571"},{"taxonomy":"product_tag","embeddable":true,"href":"https:\/\/abinox-chr-clim.com\/index.php\/wp-json\/wp\/v2\/product_tag?post=67571"}],"curies":[{"name":"wp","href":"https:\/\/api.w.org\/{rel}","templated":true}]}}