{"id":67565,"date":"2024-03-22T15:56:38","date_gmt":"2024-03-22T14:56:38","guid":{"rendered":"https:\/\/abinox-chr-clim.com\/index.php\/product\/cercle-a-mousse-70-x-60mm-vogue\/"},"modified":"2026-04-02T08:30:59","modified_gmt":"2026-04-02T06:30:59","slug":"cercle-a-mousse-70-x-60mm-vogue","status":"publish","type":"product","link":"https:\/\/abinox-chr-clim.com\/index.php\/product\/cercle-a-mousse-70-x-60mm-vogue\/","title":{"rendered":"Cercle \u00e0 mousse 70 x 60mm Vogue"},"content":{"rendered":"<p>Acier inoxydable.<br \/>Parfait pour am\u00e9liorer la pr\u00e9sentation et l&rsquo;uniformit\u00e9 des aliments. Vendu \u00e0 l&rsquo;unit\u00e9. Aide \u00e0 r\u00e9duire le gaspillage alimentaire et \u00e0 mieux contr\u00f4ler les portions. Construction en acier inoxydable solide et durable. Conception facile \u00e0 nettoyer pour gagner du temps &#8211; va au lave-vaisselle.  Parfait pour am\u00e9liorer la pr\u00e9sentation et l&rsquo;uniformit\u00e9 des aliments.<\/p>\n<p>Caract\u00e9ristiques :<br \/> Dimensions : 60(H) x 70(\u00d8) mm.<br \/> Mati\u00e8re : Acier inoxydable.<br \/> Couleur : Argent.<\/p>\n","protected":false},"excerpt":{"rendered":"<p>Cercle \u00e0 mousse 70 x 60mm Vogue<\/p>\n","protected":false},"featured_media":80716,"comment_status":"closed","ping_status":"closed","template":"","meta":[],"product_brand":[],"product_cat":[1088,1064,1297,1087],"product_tag":[],"class_list":{"0":"post-67565","1":"product","2":"type-product","3":"status-publish","4":"has-post-thumbnail","6":"product_cat-cercles-a-mousse","7":"product_cat-cuisine","8":"product_cat-non-palettisable","9":"product_cat-patisserie","10":"product_shipping_class-free-shipping","12":"first","13":"instock","14":"featured","15":"taxable","16":"shipping-taxable","17":"purchasable","18":"product-type-simple"},"_links":{"self":[{"href":"https:\/\/abinox-chr-clim.com\/index.php\/wp-json\/wp\/v2\/product\/67565","targetHints":{"allow":["GET"]}}],"collection":[{"href":"https:\/\/abinox-chr-clim.com\/index.php\/wp-json\/wp\/v2\/product"}],"about":[{"href":"https:\/\/abinox-chr-clim.com\/index.php\/wp-json\/wp\/v2\/types\/product"}],"replies":[{"embeddable":true,"href":"https:\/\/abinox-chr-clim.com\/index.php\/wp-json\/wp\/v2\/comments?post=67565"}],"wp:featuredmedia":[{"embeddable":true,"href":"https:\/\/abinox-chr-clim.com\/index.php\/wp-json\/wp\/v2\/media\/80716"}],"wp:attachment":[{"href":"https:\/\/abinox-chr-clim.com\/index.php\/wp-json\/wp\/v2\/media?parent=67565"}],"wp:term":[{"taxonomy":"product_brand","embeddable":true,"href":"https:\/\/abinox-chr-clim.com\/index.php\/wp-json\/wp\/v2\/product_brand?post=67565"},{"taxonomy":"product_cat","embeddable":true,"href":"https:\/\/abinox-chr-clim.com\/index.php\/wp-json\/wp\/v2\/product_cat?post=67565"},{"taxonomy":"product_tag","embeddable":true,"href":"https:\/\/abinox-chr-clim.com\/index.php\/wp-json\/wp\/v2\/product_tag?post=67565"}],"curies":[{"name":"wp","href":"https:\/\/api.w.org\/{rel}","templated":true}]}}