{"id":67561,"date":"2024-03-22T15:50:39","date_gmt":"2024-03-22T14:50:39","guid":{"rendered":"https:\/\/abinox-chr-clim.com\/index.php\/product\/ensemble-de-3-couteaux-vogue-prep-like-a-pro\/"},"modified":"2026-04-21T09:50:59","modified_gmt":"2026-04-21T07:50:59","slug":"ensemble-de-3-couteaux-vogue-prep-like-a-pro","status":"publish","type":"product","link":"https:\/\/abinox-chr-clim.com\/index.php\/product\/ensemble-de-3-couteaux-vogue-prep-like-a-pro\/","title":{"rendered":"Ensemble de 3 couteaux Vogue Prep Like A Pro"},"content":{"rendered":"<p>Contient : 1 x couteau chef 20,5 cm (GD750), couteau d&rsquo;office 9 cm (GD756) et couteau tout usage 14 cm (GD755) Vogue. Lames en acier inoxydable \u00e0 haute teneur en carbone pour un tranchant et un fil plus durables. La traverse large am\u00e9liore l&rsquo;\u00e9quilibre et le poids pour faciliter toutes les t\u00e2ches de coupe. Le manche ergonomique tient parfaitement en main pour vous donner un contr\u00f4le total. Manches doux pour plus de confort lors des t\u00e2ches. Les couteaux doivent \u00eatre lav\u00e9s \u00e0 la main.  Contient : 1 x couteau chef 20,5 cm (GD750), couteau d&rsquo;office 9 cm (GD756) et couteau tout usage 14 cm (GD755) Vogue.<\/p>\n","protected":false},"excerpt":{"rendered":"<p>Ensemble de 3 couteaux Vogue Prep Like A Pro<\/p>\n","protected":false},"featured_media":99617,"comment_status":"closed","ping_status":"closed","template":"","meta":[],"product_brand":[],"product_cat":[1075,1064,1297,1086],"product_tag":[],"class_list":{"0":"post-67561","1":"product","2":"type-product","3":"status-publish","4":"has-post-thumbnail","6":"product_cat-couteaux","7":"product_cat-cuisine","8":"product_cat-non-palettisable","9":"product_cat-vogue","10":"product_shipping_class-free-shipping","12":"first","13":"outofstock","14":"featured","15":"taxable","16":"shipping-taxable","17":"purchasable","18":"product-type-simple"},"_links":{"self":[{"href":"https:\/\/abinox-chr-clim.com\/index.php\/wp-json\/wp\/v2\/product\/67561","targetHints":{"allow":["GET"]}}],"collection":[{"href":"https:\/\/abinox-chr-clim.com\/index.php\/wp-json\/wp\/v2\/product"}],"about":[{"href":"https:\/\/abinox-chr-clim.com\/index.php\/wp-json\/wp\/v2\/types\/product"}],"replies":[{"embeddable":true,"href":"https:\/\/abinox-chr-clim.com\/index.php\/wp-json\/wp\/v2\/comments?post=67561"}],"wp:featuredmedia":[{"embeddable":true,"href":"https:\/\/abinox-chr-clim.com\/index.php\/wp-json\/wp\/v2\/media\/99617"}],"wp:attachment":[{"href":"https:\/\/abinox-chr-clim.com\/index.php\/wp-json\/wp\/v2\/media?parent=67561"}],"wp:term":[{"taxonomy":"product_brand","embeddable":true,"href":"https:\/\/abinox-chr-clim.com\/index.php\/wp-json\/wp\/v2\/product_brand?post=67561"},{"taxonomy":"product_cat","embeddable":true,"href":"https:\/\/abinox-chr-clim.com\/index.php\/wp-json\/wp\/v2\/product_cat?post=67561"},{"taxonomy":"product_tag","embeddable":true,"href":"https:\/\/abinox-chr-clim.com\/index.php\/wp-json\/wp\/v2\/product_tag?post=67561"}],"curies":[{"name":"wp","href":"https:\/\/api.w.org\/{rel}","templated":true}]}}