{"id":67560,"date":"2024-03-22T15:50:38","date_gmt":"2024-03-22T14:50:38","guid":{"rendered":"https:\/\/abinox-chr-clim.com\/index.php\/product\/ensemble-de-5-couteaux-soft-grip-vogue-prep-like-a-pro-avec-bloc-couteaux-et-planche-a-decouper\/"},"modified":"2026-04-21T10:05:42","modified_gmt":"2026-04-21T08:05:42","slug":"ensemble-de-5-couteaux-soft-grip-vogue-prep-like-a-pro-avec-bloc-couteaux-et-planche-a-decouper","status":"publish","type":"product","link":"https:\/\/abinox-chr-clim.com\/index.php\/product\/ensemble-de-5-couteaux-soft-grip-vogue-prep-like-a-pro-avec-bloc-couteaux-et-planche-a-decouper\/","title":{"rendered":"Ensemble de 5 couteaux Soft-Grip Vogue Prep Like A Pro avec bloc couteaux et planche \u00e0 d\u00e9couper"},"content":{"rendered":"<p>Lames en acier inoxydable \u00e0 haute teneur en carbone pour un tranchant et une pr\u00e9servation plus durables. Les manches \u00e0 prise souple garantissent une utilisation confortable. Comprend un couteau chef Vogue Soft Grip 20,5 cm (GD750), couteau d&rsquo;office 9 cm (GD756), couteau \u00e0 pain 20,5 cm (GD753), couteau tout usage 14 cm (GD755), couteau \u00e0 d\u00e9couper 20,5 cm (GD758), bloc couteaux en bambou et planche \u00e0 d\u00e9couper Vogue (CP863).<br \/>Contient : 1 x couteau chef Vogue Soft Grip 20,5 cm (GD750), couteau d&rsquo;office 9 cm (GD756), couteau \u00e0 pain 20,5 cm (GD753), couteau tout usage 14 cm (GD755), couteau \u00e0 d\u00e9couper 20,5 cm (GD758) et bloc couteaux et planche \u00e0 d\u00e9couper Vogue (CP863). Lames en acier inoxydable \u00e0 haute teneur en carbone pour un tranchant et une pr\u00e9servation plus durables. Le noyau large am\u00e9liore l&rsquo;\u00e9quilibre et le poids pour faciliter toutes les t\u00e2ches de coupe.Les manches ergonomiques assurent un confort et une adh\u00e9rence maximum. Manches \u00e0 prise souple pour plus de confort lors du tranchage et du d\u00e9coupage. Les couteaux doivent \u00eatre lav\u00e9s \u00e0 la main. Le bloc de couteaux inclus vous offre un moyen \u00e9l\u00e9gant et s\u00fbr de ranger vos lames. Le mat\u00e9riau en bambou rend la planche \u00e0 d\u00e9couper fournie facile \u00e0 nettoyer et \u00e0 entretenir. Le mat\u00e9riau en bambou r\u00e9sistant aux rayures emp\u00eache la planche d&rsquo;h\u00e9berger des bact\u00e9ries. La surface en bambou est plus douce pour vos lames que les planches \u00e0 d\u00e9couper en plastique. Contient : 1 x couteau chef Vogue Soft Grip 20,5 cm (GD750), couteau d&rsquo;office 9 cm (GD756), couteau \u00e0 pain 20,5 cm (GD753), couteau tout usage 14 cm (GD755), couteau \u00e0 d\u00e9couper 20,5 cm (GD758) et bloc couteaux et planche \u00e0 d\u00e9couper Vogue (CP863).<\/p>\n","protected":false},"excerpt":{"rendered":"<p>Ensemble de 5 couteaux Soft-Grip Vogue Prep Like A Pro avec bloc couteaux et planche \u00e0 d\u00e9couper<\/p>\n","protected":false},"featured_media":99609,"comment_status":"closed","ping_status":"closed","template":"","meta":[],"product_brand":[],"product_cat":[1075,1064,1297,1086],"product_tag":[],"class_list":{"0":"post-67560","1":"product","2":"type-product","3":"status-publish","4":"has-post-thumbnail","6":"product_cat-couteaux","7":"product_cat-cuisine","8":"product_cat-non-palettisable","9":"product_cat-vogue","10":"product_shipping_class-free-shipping","12":"first","13":"outofstock","14":"featured","15":"taxable","16":"shipping-taxable","17":"purchasable","18":"product-type-simple"},"_links":{"self":[{"href":"https:\/\/abinox-chr-clim.com\/index.php\/wp-json\/wp\/v2\/product\/67560","targetHints":{"allow":["GET"]}}],"collection":[{"href":"https:\/\/abinox-chr-clim.com\/index.php\/wp-json\/wp\/v2\/product"}],"about":[{"href":"https:\/\/abinox-chr-clim.com\/index.php\/wp-json\/wp\/v2\/types\/product"}],"replies":[{"embeddable":true,"href":"https:\/\/abinox-chr-clim.com\/index.php\/wp-json\/wp\/v2\/comments?post=67560"}],"wp:featuredmedia":[{"embeddable":true,"href":"https:\/\/abinox-chr-clim.com\/index.php\/wp-json\/wp\/v2\/media\/99609"}],"wp:attachment":[{"href":"https:\/\/abinox-chr-clim.com\/index.php\/wp-json\/wp\/v2\/media?parent=67560"}],"wp:term":[{"taxonomy":"product_brand","embeddable":true,"href":"https:\/\/abinox-chr-clim.com\/index.php\/wp-json\/wp\/v2\/product_brand?post=67560"},{"taxonomy":"product_cat","embeddable":true,"href":"https:\/\/abinox-chr-clim.com\/index.php\/wp-json\/wp\/v2\/product_cat?post=67560"},{"taxonomy":"product_tag","embeddable":true,"href":"https:\/\/abinox-chr-clim.com\/index.php\/wp-json\/wp\/v2\/product_tag?post=67560"}],"curies":[{"name":"wp","href":"https:\/\/api.w.org\/{rel}","templated":true}]}}