{"id":67559,"date":"2024-03-22T15:50:38","date_gmt":"2024-03-22T14:50:38","guid":{"rendered":"https:\/\/abinox-chr-clim.com\/index.php\/product\/offre-speciale-ensemble-de-4-couteaux-et-etui-vogue-tsuki-serie-7\/"},"modified":"2026-04-21T10:21:34","modified_gmt":"2026-04-21T08:21:34","slug":"offre-speciale-ensemble-de-4-couteaux-et-etui-vogue-tsuki-serie-7","status":"publish","type":"product","link":"https:\/\/abinox-chr-clim.com\/index.php\/product\/offre-speciale-ensemble-de-4-couteaux-et-etui-vogue-tsuki-serie-7\/","title":{"rendered":"Offre sp\u00e9ciale : Ensemble de 4 couteaux et \u00e9tui Vogue Tsuki s\u00e9rie 7"},"content":{"rendered":"<p>Magnifiquement con\u00e7us, ces couteaux classiques VG-10 se caract\u00e9risent par une base en acier inoxydable tremp\u00e9 indice Rockwell 60\u00b0, offrant une excellente qualit\u00e9 de coupe longue dur\u00e9e. Deux couches d&rsquo;acier Damas recouvrent la base pour la prot\u00e9ger contre la corrosion et le manche ergonomique en micarta offre une excellente adh\u00e9rence, ajoutant ainsi la touche finale \u00e0 ces couteaux classiques.<br \/>Comprend un couteau chef de 20 cm, un couteau \u00e0 d\u00e9couper de 13 cm, un couteau santoku de 13 cm et un couteau d&rsquo;office de 9 cm. Livr\u00e9 avec un \u00e9tui \u00e0 couteaux lavable \u00e0 16 emplacements avec la marque Vogue. Couteaux remarquablement tranchants, dot\u00e9s de nombreuses couches d&rsquo;acier inoxydable. Lames recouvertes d&rsquo;acier Damas pour un tranchant plus durable et une finition plus attrayante. Acier int\u00e9rieur de la lame tremp\u00e9 jusqu&rsquo;\u00e0 60\u00b0 indice Rockwell. Manche Micarta attrayant et confortable. Lavage \u00e0 la main recommand\u00e9. Comprend un couteau chef de 20 cm, un couteau \u00e0 d\u00e9couper de 13 cm, un couteau santoku de 13 cm et un couteau d&rsquo;office de 9 cm. .<br \/> Caract\u00e9ristiques :<br \/> Mati\u00e8re : Noyau japonais en acier inoxydable VG-10 avec rev\u00eatement en acier Damas double couche.<br \/> Couleur : Noir.<\/p>\n","protected":false},"excerpt":{"rendered":"<p>Offre sp\u00e9ciale : Ensemble de 4 couteaux et \u00e9tui Vogue Tsuki s\u00e9rie 7<\/p>\n","protected":false},"featured_media":99826,"comment_status":"closed","ping_status":"closed","template":"","meta":[],"product_brand":[],"product_cat":[1075,1064,1297,1086],"product_tag":[],"class_list":{"0":"post-67559","1":"product","2":"type-product","3":"status-publish","4":"has-post-thumbnail","6":"product_cat-couteaux","7":"product_cat-cuisine","8":"product_cat-non-palettisable","9":"product_cat-vogue","10":"product_shipping_class-free-shipping","12":"first","13":"outofstock","14":"featured","15":"taxable","16":"shipping-taxable","17":"purchasable","18":"product-type-simple"},"_links":{"self":[{"href":"https:\/\/abinox-chr-clim.com\/index.php\/wp-json\/wp\/v2\/product\/67559","targetHints":{"allow":["GET"]}}],"collection":[{"href":"https:\/\/abinox-chr-clim.com\/index.php\/wp-json\/wp\/v2\/product"}],"about":[{"href":"https:\/\/abinox-chr-clim.com\/index.php\/wp-json\/wp\/v2\/types\/product"}],"replies":[{"embeddable":true,"href":"https:\/\/abinox-chr-clim.com\/index.php\/wp-json\/wp\/v2\/comments?post=67559"}],"wp:featuredmedia":[{"embeddable":true,"href":"https:\/\/abinox-chr-clim.com\/index.php\/wp-json\/wp\/v2\/media\/99826"}],"wp:attachment":[{"href":"https:\/\/abinox-chr-clim.com\/index.php\/wp-json\/wp\/v2\/media?parent=67559"}],"wp:term":[{"taxonomy":"product_brand","embeddable":true,"href":"https:\/\/abinox-chr-clim.com\/index.php\/wp-json\/wp\/v2\/product_brand?post=67559"},{"taxonomy":"product_cat","embeddable":true,"href":"https:\/\/abinox-chr-clim.com\/index.php\/wp-json\/wp\/v2\/product_cat?post=67559"},{"taxonomy":"product_tag","embeddable":true,"href":"https:\/\/abinox-chr-clim.com\/index.php\/wp-json\/wp\/v2\/product_tag?post=67559"}],"curies":[{"name":"wp","href":"https:\/\/api.w.org\/{rel}","templated":true}]}}